{"id":1328,"date":"2020-09-22T22:23:11","date_gmt":"2020-09-23T01:23:11","guid":{"rendered":"https:\/\/inovagri.org.br\/?page_id=1328"},"modified":"2020-12-05T19:41:05","modified_gmt":"2020-12-05T22:41:05","slug":"inovagri-meeting-virtual-comissao","status":"publish","type":"page","link":"https:\/\/inovagri.org.br\/en\/inovagri-meeting-virtual-comissao\/","title":{"rendered":"Inovagri Meeting Virtual &#8211; Committee"},"content":{"rendered":"\n<div class=\"wp-block-image\"><figure class=\"aligncenter size-full is-resized\"><img src=\"https:\/\/inovagri.org.br\/wp-content\/uploads\/2020\/09\/header-inscricoes-1.png\" alt=\"\" class=\"wp-image-1738\" height=\"200\" srcset=\"https:\/\/inovagri.org.br\/en\/wp-content\/uploads\/2020\/09\/header-inscricoes-1.png 1300w, https:\/\/inovagri.org.br\/en\/wp-content\/uploads\/2020\/09\/header-inscricoes-1-300x95.png 300w, https:\/\/inovagri.org.br\/en\/wp-content\/uploads\/2020\/09\/header-inscricoes-1-1030x325.png 1030w, https:\/\/inovagri.org.br\/en\/wp-content\/uploads\/2020\/09\/header-inscricoes-1-768x242.png 768w, https:\/\/inovagri.org.br\/en\/wp-content\/uploads\/2020\/09\/header-inscricoes-1-705x222.png 705w\" sizes=\"(max-width: 1300px) 100vw, 1300px\" \/><\/figure><\/div>\n\n\n\n<h3 class=\"has-text-align-center\"><strong><br>INOVAGRI MEETING \/ CONIRD ORGANIZING COMMITTEE<\/strong><\/h3>\n\n\n\n<p><\/p>\n\n\n\n<p class=\"has-text-align-center\"><strong>President<\/strong><\/p>\n\n\n\n<p class=\"has-text-align-center\"><span style=\"color:#0e0e0e\" class=\"has-inline-color\">Jos\u00e9 Ant\u00f4nio Frizzone<\/span><\/p>\n\n\n\n<p class=\"has-text-align-center\"><strong>Vice-president <\/strong><\/p>\n\n\n\n<p class=\"has-text-align-center\"><span style=\"color:#101010\" class=\"has-inline-color\">Helvecio Mattana Saturnino<\/span><\/p>\n\n\n\n<p class=\"has-text-align-center\"><strong>Scientific Commission:<\/strong><\/p>\n\n\n\n<p class=\"has-text-align-center\"><span style=\"color:#121313\" class=\"has-inline-color\">S\u00edlvio Carlos Ribeiro Vieira Lima<\/span><\/p>\n\n\n\n<p class=\"has-text-align-center\"><span style=\"color:#0b0b0b\" class=\"has-inline-color\">Alexsandro Claudio dos Santos Almeida<\/span><\/p>\n\n\n\n<p class=\"has-text-align-center\"><span style=\"color:#0f0f0f\" class=\"has-inline-color\">Ricardo Gava<\/span><\/p>\n\n\n\n<p class=\"has-text-align-center\"><span style=\"color:#090909\" class=\"has-inline-color\">Eus\u00edmio Felisbino Fraga Junior<\/span><\/p>\n\n\n\n<p class=\"has-text-align-center\"><span style=\"color:#0c0c0c\" class=\"has-inline-color\">Lineu Neiva Rodrigues<\/span><\/p>\n\n\n\n<p class=\"has-text-align-center has-text-color\" style=\"color:#0d0d0d\">Lu\u00eds Fernando de Souza Magno Campeche<\/p>\n\n\n\n<p class=\"has-text-align-center has-text-color\" style=\"color:#0d0d0d\">Fernando Braz Tangerino Hernandez<\/p>\n\n\n\n<p class=\"has-text-align-center has-text-color\" style=\"color:#0d0d0d\">Rodrigo Ribeiro Franco Vieira<\/p>\n\n\n\n<p class=\"has-text-align-center\"><strong>Technical &nbsp;Commission:<\/strong><\/p>\n\n\n\n<p class=\"has-text-align-center\"><span style=\"color:#0d0d0d\" class=\"has-inline-color\">Douglas Ribeiro Garcia<\/span><\/p>\n\n\n\n<p class=\"has-text-align-center\"><span style=\"color:#0e0e0e\" class=\"has-inline-color\">Joscelia da Silva Cruz<\/span><\/p>\n\n\n\n<p class=\"has-text-align-center\"><span style=\"color:#0a0a0a\" class=\"has-inline-color\">Alberto Gon\u00e7alves Arag\u00e3o<\/span><\/p>\n\n\n\n<p class=\"has-text-align-center\"><span style=\"color:#0e0e0e\" class=\"has-inline-color\">Rogis Rosemberg&nbsp;<\/span><\/p>\n\n\n\n<p class=\"has-text-align-center\"><span style=\"color:#101010\" class=\"has-inline-color\">Itamar Bruno de Oliveira<\/span>&nbsp;<\/p>\n\n\n\n<h3 class=\"has-text-align-center\"><strong>IV SBS<\/strong> <strong>ORGANIZING COMMITTEE<\/strong><\/h3>\n\n\n\n<p><\/p>\n\n\n\n<p class=\"has-text-align-center\"><strong>Claudivan Feitosa de Lacerda <\/strong><\/p>\n\n\n\n<p class=\"has-text-align-center\"><strong>Gherman Garcia Leal de Ara\u00fajo<\/strong><\/p>\n\n\n\n<p class=\"has-text-align-center\"><strong>Hans Raj Gheyi<\/strong><\/p>\n\n\n\n<figure class=\"wp-block-image\"><img alt=\"\"\/><\/figure>\n\n\n\n<figure class=\"wp-block-image\"><img alt=\"\"\/><\/figure>\n\n\n\n<h3 class=\"has-text-align-center\"><strong>DIRECTORS<\/strong><\/h3>\n\n\n\n<p class=\"has-text-align-center\"><a href=\"http:\/\/www.inovagri.org.br\"><img loading=\"lazy\" width=\"1002\" height=\"590\" class=\"wp-image-1565\" style=\"width: 150px;\" src=\"https:\/\/inovagri.org.br\/wp-content\/uploads\/2020\/09\/WhatsApp-Image-2020-09-23-at-10.28.46.jpeg\" alt=\"\" srcset=\"https:\/\/inovagri.org.br\/en\/wp-content\/uploads\/2020\/09\/WhatsApp-Image-2020-09-23-at-10.28.46.jpeg 1002w, https:\/\/inovagri.org.br\/en\/wp-content\/uploads\/2020\/09\/WhatsApp-Image-2020-09-23-at-10.28.46-300x177.jpeg 300w, https:\/\/inovagri.org.br\/en\/wp-content\/uploads\/2020\/09\/WhatsApp-Image-2020-09-23-at-10.28.46-768x452.jpeg 768w, https:\/\/inovagri.org.br\/en\/wp-content\/uploads\/2020\/09\/WhatsApp-Image-2020-09-23-at-10.28.46-705x415.jpeg 705w\" sizes=\"(max-width: 1002px) 100vw, 1002px\" \/><\/a><a href=\"http:\/\/www.abid.org.br\/abid_default.asp\" target=\"_blank\" rel=\"noreferrer noopener\"><img loading=\"lazy\" width=\"1002\" height=\"590\" class=\"wp-image-1566\" style=\"width: 150px;\" src=\"https:\/\/inovagri.org.br\/wp-content\/uploads\/2020\/09\/WhatsApp-Image-2020-09-23-at-11.34.53.jpeg\" alt=\"\" srcset=\"https:\/\/inovagri.org.br\/en\/wp-content\/uploads\/2020\/09\/WhatsApp-Image-2020-09-23-at-11.34.53.jpeg 1002w, https:\/\/inovagri.org.br\/en\/wp-content\/uploads\/2020\/09\/WhatsApp-Image-2020-09-23-at-11.34.53-300x177.jpeg 300w, https:\/\/inovagri.org.br\/en\/wp-content\/uploads\/2020\/09\/WhatsApp-Image-2020-09-23-at-11.34.53-768x452.jpeg 768w, https:\/\/inovagri.org.br\/en\/wp-content\/uploads\/2020\/09\/WhatsApp-Image-2020-09-23-at-11.34.53-705x415.jpeg 705w\" sizes=\"(max-width: 1002px) 100vw, 1002px\" \/><\/a><a href=\"https:\/\/aeac.agr.br\/\" target=\"_blank\" rel=\"noreferrer noopener\"><img loading=\"lazy\" width=\"1002\" height=\"590\" class=\"wp-image-1567\" style=\"width: 150px;\" src=\"https:\/\/inovagri.org.br\/wp-content\/uploads\/2020\/09\/WhatsApp-Image-2020-09-23-at-10.57.41.jpeg\" alt=\"\" srcset=\"https:\/\/inovagri.org.br\/en\/wp-content\/uploads\/2020\/09\/WhatsApp-Image-2020-09-23-at-10.57.41.jpeg 1002w, https:\/\/inovagri.org.br\/en\/wp-content\/uploads\/2020\/09\/WhatsApp-Image-2020-09-23-at-10.57.41-300x177.jpeg 300w, https:\/\/inovagri.org.br\/en\/wp-content\/uploads\/2020\/09\/WhatsApp-Image-2020-09-23-at-10.57.41-768x452.jpeg 768w, https:\/\/inovagri.org.br\/en\/wp-content\/uploads\/2020\/09\/WhatsApp-Image-2020-09-23-at-10.57.41-705x415.jpeg 705w\" sizes=\"(max-width: 1002px) 100vw, 1002px\" \/><\/a><a href=\"https:\/\/institutofuture.com.br\/\" target=\"_blank\" rel=\"noreferrer noopener\"><img loading=\"lazy\" width=\"1002\" height=\"590\" class=\"wp-image-1570\" style=\"width: 150px;\" src=\"https:\/\/inovagri.org.br\/wp-content\/uploads\/2020\/09\/WhatsApp-Image-2020-09-23-at-12.18.14.jpeg\" alt=\"\" srcset=\"https:\/\/inovagri.org.br\/en\/wp-content\/uploads\/2020\/09\/WhatsApp-Image-2020-09-23-at-12.18.14.jpeg 1002w, https:\/\/inovagri.org.br\/en\/wp-content\/uploads\/2020\/09\/WhatsApp-Image-2020-09-23-at-12.18.14-300x177.jpeg 300w, https:\/\/inovagri.org.br\/en\/wp-content\/uploads\/2020\/09\/WhatsApp-Image-2020-09-23-at-12.18.14-768x452.jpeg 768w, https:\/\/inovagri.org.br\/en\/wp-content\/uploads\/2020\/09\/WhatsApp-Image-2020-09-23-at-12.18.14-705x415.jpeg 705w\" sizes=\"(max-width: 1002px) 100vw, 1002px\" \/><\/a><a href=\"http:\/\/www.esalq.usp.br\/inctei\/\" target=\"_blank\" rel=\"noreferrer noopener\"><img loading=\"lazy\" width=\"1002\" height=\"590\" class=\"wp-image-1568\" style=\"width: 150px;\" src=\"https:\/\/inovagri.org.br\/wp-content\/uploads\/2020\/09\/WhatsApp-Image-2020-09-23-at-11.10.16.jpeg\" alt=\"\" srcset=\"https:\/\/inovagri.org.br\/en\/wp-content\/uploads\/2020\/09\/WhatsApp-Image-2020-09-23-at-11.10.16.jpeg 1002w, https:\/\/inovagri.org.br\/en\/wp-content\/uploads\/2020\/09\/WhatsApp-Image-2020-09-23-at-11.10.16-300x177.jpeg 300w, https:\/\/inovagri.org.br\/en\/wp-content\/uploads\/2020\/09\/WhatsApp-Image-2020-09-23-at-11.10.16-768x452.jpeg 768w, https:\/\/inovagri.org.br\/en\/wp-content\/uploads\/2020\/09\/WhatsApp-Image-2020-09-23-at-11.10.16-705x415.jpeg 705w\" sizes=\"(max-width: 1002px) 100vw, 1002px\" \/><\/a><\/p>\n\n\n\n<p class=\"has-text-align-center\"><a href=\"http:\/\/inct.cnpq.br\/web\/inct-sal\/home\" target=\"_blank\" rel=\"noreferrer noopener\"><img loading=\"lazy\" width=\"1002\" height=\"590\" class=\"wp-image-1569\" style=\"width: 150px;\" src=\"https:\/\/inovagri.org.br\/wp-content\/uploads\/2020\/09\/WhatsApp-Image-2020-09-23-at-12.06.37.jpeg\" alt=\"\" srcset=\"https:\/\/inovagri.org.br\/en\/wp-content\/uploads\/2020\/09\/WhatsApp-Image-2020-09-23-at-12.06.37.jpeg 1002w, https:\/\/inovagri.org.br\/en\/wp-content\/uploads\/2020\/09\/WhatsApp-Image-2020-09-23-at-12.06.37-300x177.jpeg 300w, https:\/\/inovagri.org.br\/en\/wp-content\/uploads\/2020\/09\/WhatsApp-Image-2020-09-23-at-12.06.37-768x452.jpeg 768w, https:\/\/inovagri.org.br\/en\/wp-content\/uploads\/2020\/09\/WhatsApp-Image-2020-09-23-at-12.06.37-705x415.jpeg 705w\" sizes=\"(max-width: 1002px) 100vw, 1002px\" \/><\/a><a href=\"http:\/\/www.ufc.br\/\" target=\"_blank\" rel=\"noreferrer noopener\"><img loading=\"lazy\" width=\"1002\" height=\"590\" class=\"wp-image-1572\" style=\"width: 150px;\" src=\"https:\/\/inovagri.org.br\/wp-content\/uploads\/2020\/09\/WhatsApp-Image-2020-09-23-at-11.07.22.jpeg\" alt=\"\" srcset=\"https:\/\/inovagri.org.br\/en\/wp-content\/uploads\/2020\/09\/WhatsApp-Image-2020-09-23-at-11.07.22.jpeg 1002w, https:\/\/inovagri.org.br\/en\/wp-content\/uploads\/2020\/09\/WhatsApp-Image-2020-09-23-at-11.07.22-300x177.jpeg 300w, https:\/\/inovagri.org.br\/en\/wp-content\/uploads\/2020\/09\/WhatsApp-Image-2020-09-23-at-11.07.22-768x452.jpeg 768w, https:\/\/inovagri.org.br\/en\/wp-content\/uploads\/2020\/09\/WhatsApp-Image-2020-09-23-at-11.07.22-705x415.jpeg 705w\" sizes=\"(max-width: 1002px) 100vw, 1002px\" \/><\/a><a href=\"https:\/\/portal.ufcg.edu.br\/\" target=\"_blank\" rel=\"noreferrer noopener\"><img loading=\"lazy\" width=\"1002\" height=\"590\" class=\"wp-image-1677\" style=\"width: 150px;\" src=\"https:\/\/inovagri.org.br\/wp-content\/uploads\/2020\/09\/WhatsApp-Image-2020-09-25-at-14.49.17.jpeg\" alt=\"\" srcset=\"https:\/\/inovagri.org.br\/en\/wp-content\/uploads\/2020\/09\/WhatsApp-Image-2020-09-25-at-14.49.17.jpeg 1002w, https:\/\/inovagri.org.br\/en\/wp-content\/uploads\/2020\/09\/WhatsApp-Image-2020-09-25-at-14.49.17-300x177.jpeg 300w, https:\/\/inovagri.org.br\/en\/wp-content\/uploads\/2020\/09\/WhatsApp-Image-2020-09-25-at-14.49.17-768x452.jpeg 768w, https:\/\/inovagri.org.br\/en\/wp-content\/uploads\/2020\/09\/WhatsApp-Image-2020-09-25-at-14.49.17-705x415.jpeg 705w\" sizes=\"(max-width: 1002px) 100vw, 1002px\" \/><\/a><a href=\"https:\/\/www.embrapa.br\/semiarido\" target=\"_blank\" rel=\"noreferrer noopener\"><img loading=\"lazy\" width=\"1002\" height=\"590\" class=\"wp-image-1675\" style=\"width: 150px;\" src=\"https:\/\/inovagri.org.br\/wp-content\/uploads\/2020\/09\/WhatsApp-Image-2020-09-25-at-14.34.12-1.jpeg\" alt=\"\" srcset=\"https:\/\/inovagri.org.br\/en\/wp-content\/uploads\/2020\/09\/WhatsApp-Image-2020-09-25-at-14.34.12-1.jpeg 1002w, https:\/\/inovagri.org.br\/en\/wp-content\/uploads\/2020\/09\/WhatsApp-Image-2020-09-25-at-14.34.12-1-300x177.jpeg 300w, https:\/\/inovagri.org.br\/en\/wp-content\/uploads\/2020\/09\/WhatsApp-Image-2020-09-25-at-14.34.12-1-768x452.jpeg 768w, https:\/\/inovagri.org.br\/en\/wp-content\/uploads\/2020\/09\/WhatsApp-Image-2020-09-25-at-14.34.12-1-705x415.jpeg 705w\" sizes=\"(max-width: 1002px) 100vw, 1002px\" \/><\/a><\/p>\n\n\n\n<p><\/p>\n\n\n\n<h3 class=\"has-text-align-center\">SUPPORT<\/h3>\n\n\n\n<p class=\"has-text-align-center\"><a href=\"https:\/\/ifce.edu.br\/\" target=\"_blank\" rel=\"noreferrer noopener\"><img loading=\"lazy\" width=\"1002\" height=\"590\" class=\"wp-image-1571\" style=\"width: 180px;\" src=\"https:\/\/inovagri.org.br\/wp-content\/uploads\/2020\/09\/WhatsApp-Image-2020-09-23-at-10.28.46-1.jpeg\" alt=\"\" srcset=\"https:\/\/inovagri.org.br\/en\/wp-content\/uploads\/2020\/09\/WhatsApp-Image-2020-09-23-at-10.28.46-1.jpeg 1002w, https:\/\/inovagri.org.br\/en\/wp-content\/uploads\/2020\/09\/WhatsApp-Image-2020-09-23-at-10.28.46-1-300x177.jpeg 300w, https:\/\/inovagri.org.br\/en\/wp-content\/uploads\/2020\/09\/WhatsApp-Image-2020-09-23-at-10.28.46-1-768x452.jpeg 768w, https:\/\/inovagri.org.br\/en\/wp-content\/uploads\/2020\/09\/WhatsApp-Image-2020-09-23-at-10.28.46-1-705x415.jpeg 705w\" sizes=\"(max-width: 1002px) 100vw, 1002px\" \/><\/a><a href=\"https:\/\/www.codevasf.gov.br\/\" target=\"_blank\" rel=\"noreferrer noopener\"><img loading=\"lazy\" width=\"1002\" height=\"590\" class=\"wp-image-1678\" style=\"width: 180px;\" src=\"https:\/\/inovagri.org.br\/wp-content\/uploads\/2020\/09\/WhatsApp-Image-2020-09-25-at-14.55.01.jpeg\" alt=\"\" srcset=\"https:\/\/inovagri.org.br\/en\/wp-content\/uploads\/2020\/09\/WhatsApp-Image-2020-09-25-at-14.55.01.jpeg 1002w, https:\/\/inovagri.org.br\/en\/wp-content\/uploads\/2020\/09\/WhatsApp-Image-2020-09-25-at-14.55.01-300x177.jpeg 300w, https:\/\/inovagri.org.br\/en\/wp-content\/uploads\/2020\/09\/WhatsApp-Image-2020-09-25-at-14.55.01-768x452.jpeg 768w, https:\/\/inovagri.org.br\/en\/wp-content\/uploads\/2020\/09\/WhatsApp-Image-2020-09-25-at-14.55.01-705x415.jpeg 705w\" sizes=\"(max-width: 1002px) 100vw, 1002px\" \/><\/a><a href=\"https:\/\/www.sedet.ce.gov.br\/\" target=\"_blank\" rel=\"noreferrer noopener\"><\/a><a href=\"https:\/\/www.centec.org.br\/\" target=\"_blank\" rel=\"noreferrer noopener\"><img loading=\"lazy\" width=\"1002\" height=\"590\" class=\"wp-image-1573\" style=\"width: 180px;\" src=\"https:\/\/inovagri.org.br\/wp-content\/uploads\/2020\/09\/WhatsApp-Image-2020-09-23-at-11.34.53-1.jpeg\" alt=\"\" srcset=\"https:\/\/inovagri.org.br\/en\/wp-content\/uploads\/2020\/09\/WhatsApp-Image-2020-09-23-at-11.34.53-1.jpeg 1002w, https:\/\/inovagri.org.br\/en\/wp-content\/uploads\/2020\/09\/WhatsApp-Image-2020-09-23-at-11.34.53-1-300x177.jpeg 300w, https:\/\/inovagri.org.br\/en\/wp-content\/uploads\/2020\/09\/WhatsApp-Image-2020-09-23-at-11.34.53-1-768x452.jpeg 768w, https:\/\/inovagri.org.br\/en\/wp-content\/uploads\/2020\/09\/WhatsApp-Image-2020-09-23-at-11.34.53-1-705x415.jpeg 705w\" sizes=\"(max-width: 1002px) 100vw, 1002px\" \/><\/a><a href=\"https:\/\/www.sedet.ce.gov.br\/\" target=\"_blank\" rel=\"noreferrer noopener\"><img loading=\"lazy\" width=\"1002\" height=\"590\" class=\"wp-image-1764\" style=\"width: 180px;\" src=\"https:\/\/inovagri.org.br\/wp-content\/uploads\/2020\/09\/WhatsApp-Image-2020-09-28-at-17.20.22.jpeg\" alt=\"\" srcset=\"https:\/\/inovagri.org.br\/en\/wp-content\/uploads\/2020\/09\/WhatsApp-Image-2020-09-28-at-17.20.22.jpeg 1002w, https:\/\/inovagri.org.br\/en\/wp-content\/uploads\/2020\/09\/WhatsApp-Image-2020-09-28-at-17.20.22-300x177.jpeg 300w, https:\/\/inovagri.org.br\/en\/wp-content\/uploads\/2020\/09\/WhatsApp-Image-2020-09-28-at-17.20.22-768x452.jpeg 768w, https:\/\/inovagri.org.br\/en\/wp-content\/uploads\/2020\/09\/WhatsApp-Image-2020-09-28-at-17.20.22-705x415.jpeg 705w\" sizes=\"(max-width: 1002px) 100vw, 1002px\" \/><\/a><a href=\"https:\/\/www.funcap.ce.gov.br\/\" target=\"_blank\" rel=\"noreferrer noopener\"><img class=\"wp-image-2420\" style=\"width: 150px;\" src=\"https:\/\/inovagri.org.br\/wp-content\/uploads\/2020\/12\/20201205_161758_0000.png\" alt=\"\"><\/a><a href=\"https:\/\/www.sct.ce.gov.br\/\" target=\"_blank\" rel=\"noreferrer noopener\"><img class=\"wp-image-2413\" style=\"width: 180px;\" src=\"https:\/\/inovagri.org.br\/wp-content\/uploads\/2020\/12\/20201205_171232_0000.png\" alt=\"\"><\/a><\/p>\n\n\n\n<p><\/p>\n\n\n\n<h3 class=\"has-text-align-center\">SPONSORS<\/h3>\n\n\n\n<h3 class=\"has-text-align-center\"><a href=\"https:\/\/www.3v3.com.br\/\" target=\"_blank\" rel=\"noreferrer noopener\"><img class=\"wp-image-1895\" style=\"width: 200px;\" src=\"https:\/\/inovagri.org.br\/wp-content\/uploads\/2020\/10\/20201026_091953_0000.png\" alt=\"\"><\/a><a href=\"http:\/\/www.valleyirrigation.com.br\/\" target=\"_blank\" rel=\"noreferrer noopener\"><img class=\"wp-image-2145\" style=\"width: 200px;\" src=\"https:\/\/inovagri.org.br\/wp-content\/uploads\/2020\/11\/20201127_105459_0000.png\" alt=\"\"><\/a><a href=\"http:\/\/www.irriger.com.br\/pt-BR\" target=\"_blank\" rel=\"noreferrer noopener\"><img class=\"wp-image-2146\" style=\"width: 200px;\" src=\"https:\/\/inovagri.org.br\/wp-content\/uploads\/2020\/11\/20201127_105528_0000.png\" alt=\"\"><\/a><a href=\"https:\/\/portal.cogerh.com.br\/\" target=\"_blank\" rel=\"noreferrer noopener\"><img class=\"wp-image-2359\" style=\"width: 180px;\" src=\"https:\/\/inovagri.org.br\/wp-content\/uploads\/2020\/12\/20201203_160205_00002.png\" alt=\"\"><\/a><a href=\"https:\/\/www.srh.ce.gov.br\/\" target=\"_blank\" rel=\"noreferrer noopener\"><img class=\"wp-image-2360\" style=\"width: 180px;\" src=\"https:\/\/inovagri.org.br\/wp-content\/uploads\/2020\/12\/20201203_160226_00002.png\" alt=\"\"><\/a><a href=\"http:\/\/valleyirrigation.com.br\/\" target=\"_blank\" rel=\"noreferrer noopener\"><\/a><\/h3>\n\n\n\n<p class=\"has-text-align-center\"><a href=\"http:\/\/www.cnpq.br\/\" target=\"_blank\" rel=\"noreferrer noopener\"><img class=\"wp-image-2279\" style=\"width: 200px;\" src=\"https:\/\/inovagri.org.br\/wp-content\/uploads\/2020\/12\/CNPQ.png\" alt=\"\"><\/a>  <a href=\"https:\/\/www.bnb.gov.br\/\" target=\"_blank\" rel=\"noreferrer noopener sponsored nofollow\"><img class=\"wp-image-2278\" style=\"width: 200px;\" src=\"https:\/\/inovagri.org.br\/wp-content\/uploads\/2020\/12\/BNB.png\" alt=\"\"><\/a><a href=\"https:\/\/www.gov.br\/ana\/pt-br\" target=\"_blank\" rel=\"noreferrer noopener\"><img class=\"wp-image-2282\" style=\"width: 200px;\" src=\"https:\/\/inovagri.org.br\/wp-content\/uploads\/2020\/12\/20201201_092725_0000.png\" alt=\"\"><\/a><a href=\"https:\/\/www.gov.br\/pt-br\" target=\"_blank\" rel=\"noreferrer noopener\"><img class=\"wp-image-2280\" style=\"width: 200px;\" src=\"https:\/\/inovagri.org.br\/wp-content\/uploads\/2020\/12\/GOV.png\" alt=\"\"><\/a><\/p>\n\n\n\n<p class=\"has-text-align-center\"><a rel=\"noreferrer noopener\" href=\"https:\/\/www.3v3.com.br\/\" target=\"_blank\"><\/a><\/p>\n","protected":false},"excerpt":{"rendered":"<p>INOVAGRI MEETING \/ CONIRD ORGANIZING COMMITTEE President Jos\u00e9 Ant\u00f4nio Frizzone Vice-president Helvecio Mattana Saturnino Scientific Commission: S\u00edlvio Carlos Ribeiro Vieira Lima Alexsandro Claudio dos Santos Almeida Ricardo Gava Eus\u00edmio Felisbino Fraga Junior Lineu Neiva Rodrigues Lu\u00eds Fernando de Souza Magno Campeche Fernando Braz Tangerino Hernandez Rodrigo Ribeiro Franco Vieira Technical &nbsp;Commission: Douglas Ribeiro Garcia Joscelia [&hellip;]<\/p>\n","protected":false},"author":3,"featured_media":0,"parent":0,"menu_order":0,"comment_status":"closed","ping_status":"closed","template":"","meta":[],"yoast_head":"<!-- This site is optimized with the Yoast SEO plugin v15.0 - https:\/\/yoast.com\/wordpress\/plugins\/seo\/ -->\n<title>Inovagri Meeting Virtual - Committee - Inovagri<\/title>\n<meta name=\"robots\" content=\"index, follow, max-snippet:-1, max-image-preview:large, max-video-preview:-1\" \/>\n<link rel=\"canonical\" href=\"https:\/\/inovagri.org.br\/en\/inovagri-meeting-virtual-comissao\/\" \/>\n<meta property=\"og:locale\" content=\"pt_BR\" \/>\n<meta property=\"og:type\" content=\"article\" \/>\n<meta property=\"og:title\" content=\"Inovagri Meeting Virtual - Committee - Inovagri\" \/>\n<meta property=\"og:description\" content=\"INOVAGRI MEETING \/ CONIRD ORGANIZING COMMITTEE President Jos\u00e9 Ant\u00f4nio Frizzone Vice-president Helvecio Mattana Saturnino Scientific Commission: S\u00edlvio Carlos Ribeiro Vieira Lima Alexsandro Claudio dos Santos Almeida Ricardo Gava Eus\u00edmio Felisbino Fraga Junior Lineu Neiva Rodrigues Lu\u00eds Fernando de Souza Magno Campeche Fernando Braz Tangerino Hernandez Rodrigo Ribeiro Franco Vieira Technical &nbsp;Commission: Douglas Ribeiro Garcia Joscelia [&hellip;]\" \/>\n<meta property=\"og:url\" content=\"https:\/\/inovagri.org.br\/en\/inovagri-meeting-virtual-comissao\/\" \/>\n<meta property=\"og:site_name\" content=\"Inovagri\" \/>\n<meta property=\"article:modified_time\" content=\"2020-12-05T22:41:05+00:00\" \/>\n<meta property=\"og:image\" content=\"https:\/\/inovagri.org.br\/wp-content\/uploads\/2020\/09\/header-inscricoes-1.png\" \/>\n<meta name=\"twitter:card\" content=\"summary_large_image\" \/>\n<script type=\"application\/ld+json\" class=\"yoast-schema-graph\">{\"@context\":\"https:\/\/schema.org\",\"@graph\":[{\"@type\":\"WebSite\",\"@id\":\"https:\/\/inovagri.org.br\/en\/#website\",\"url\":\"https:\/\/inovagri.org.br\/en\/\",\"name\":\"Inovagri\",\"description\":\"Irriga\\u00e7\\u00e3o e Agricultura.\",\"potentialAction\":[{\"@type\":\"SearchAction\",\"target\":\"https:\/\/inovagri.org.br\/en\/?s={search_term_string}\",\"query-input\":\"required name=search_term_string\"}],\"inLanguage\":\"pt-BR\"},{\"@type\":\"ImageObject\",\"@id\":\"https:\/\/inovagri.org.br\/en\/inovagri-meeting-virtual-comissao\/#primaryimage\",\"inLanguage\":\"pt-BR\",\"url\":\"https:\/\/inovagri.org.br\/wp-content\/uploads\/2020\/09\/header-inscricoes-1.png\"},{\"@type\":\"WebPage\",\"@id\":\"https:\/\/inovagri.org.br\/en\/inovagri-meeting-virtual-comissao\/#webpage\",\"url\":\"https:\/\/inovagri.org.br\/en\/inovagri-meeting-virtual-comissao\/\",\"name\":\"Inovagri Meeting Virtual - Committee - Inovagri\",\"isPartOf\":{\"@id\":\"https:\/\/inovagri.org.br\/en\/#website\"},\"primaryImageOfPage\":{\"@id\":\"https:\/\/inovagri.org.br\/en\/inovagri-meeting-virtual-comissao\/#primaryimage\"},\"datePublished\":\"2020-09-23T01:23:11+00:00\",\"dateModified\":\"2020-12-05T22:41:05+00:00\",\"inLanguage\":\"pt-BR\",\"potentialAction\":[{\"@type\":\"ReadAction\",\"target\":[\"https:\/\/inovagri.org.br\/en\/inovagri-meeting-virtual-comissao\/\"]}]}]}<\/script>\n<!-- \/ Yoast SEO plugin. -->","_links":{"self":[{"href":"https:\/\/inovagri.org.br\/en\/wp-json\/wp\/v2\/pages\/1328"}],"collection":[{"href":"https:\/\/inovagri.org.br\/en\/wp-json\/wp\/v2\/pages"}],"about":[{"href":"https:\/\/inovagri.org.br\/en\/wp-json\/wp\/v2\/types\/page"}],"author":[{"embeddable":true,"href":"https:\/\/inovagri.org.br\/en\/wp-json\/wp\/v2\/users\/3"}],"replies":[{"embeddable":true,"href":"https:\/\/inovagri.org.br\/en\/wp-json\/wp\/v2\/comments?post=1328"}],"version-history":[{"count":31,"href":"https:\/\/inovagri.org.br\/en\/wp-json\/wp\/v2\/pages\/1328\/revisions"}],"predecessor-version":[{"id":2181,"href":"https:\/\/inovagri.org.br\/en\/wp-json\/wp\/v2\/pages\/1328\/revisions\/2181"}],"wp:attachment":[{"href":"https:\/\/inovagri.org.br\/en\/wp-json\/wp\/v2\/media?parent=1328"}],"curies":[{"name":"wp","href":"https:\/\/api.w.org\/{rel}","templated":true}]}}