{"id":2302,"date":"2021-02-25T14:58:03","date_gmt":"2021-02-25T17:58:03","guid":{"rendered":"https:\/\/inovagri.org.br\/en\/?page_id=2302"},"modified":"2021-05-07T20:25:51","modified_gmt":"2021-05-07T23:25:51","slug":"ibero-brasileiro-scientific-presentations","status":"publish","type":"page","link":"https:\/\/inovagri.org.br\/en\/ibero-brasileiro-scientific-presentations\/","title":{"rendered":"Ibero-Brasileiro-Scientific Presentations"},"content":{"rendered":"\n<figure class=\"wp-block-image size-large\"><img loading=\"lazy\" width=\"1030\" height=\"270\" src=\"https:\/\/inovagri.org.br\/en\/wp-content\/uploads\/2021\/02\/logo-transparente-SIBAI-1030x270.png\" alt=\"\" class=\"wp-image-2299\" srcset=\"https:\/\/inovagri.org.br\/en\/wp-content\/uploads\/2021\/02\/logo-transparente-SIBAI-1030x270.png 1030w, https:\/\/inovagri.org.br\/en\/wp-content\/uploads\/2021\/02\/logo-transparente-SIBAI-300x79.png 300w, https:\/\/inovagri.org.br\/en\/wp-content\/uploads\/2021\/02\/logo-transparente-SIBAI-768x202.png 768w, https:\/\/inovagri.org.br\/en\/wp-content\/uploads\/2021\/02\/logo-transparente-SIBAI-1536x403.png 1536w, https:\/\/inovagri.org.br\/en\/wp-content\/uploads\/2021\/02\/logo-transparente-SIBAI-1500x394.png 1500w, https:\/\/inovagri.org.br\/en\/wp-content\/uploads\/2021\/02\/logo-transparente-SIBAI-705x185.png 705w, https:\/\/inovagri.org.br\/en\/wp-content\/uploads\/2021\/02\/logo-transparente-SIBAI.png 1844w\" sizes=\"(max-width: 1030px) 100vw, 1030px\" \/><\/figure>\n\n\n\n<h3 class=\"has-text-align-center\"><strong>PRESENTACIONES CIENT\u00cdFICAS<\/strong><\/h3>\n\n\n\n<p class=\"has-text-color\" style=\"color:#141515\"><br><\/p>\n\n\n\n<p class=\"has-text-color\" style=\"color:#101010\">Durante el Seminario Iberobrasile\u00f1o de Agricultura de Riego habr\u00e1 un per\u00edodo para presentaciones orales de los participantes.<\/p>\n\n\n\n<p class=\"has-text-color\" style=\"color:#101010\">Los interesados \u200b\u200ben participar en esta acci\u00f3n deben estar inscritos previamente al seminario.<\/p>\n\n\n\n<p class=\"has-text-color\" style=\"color:#101010\">Deber\u00e1n enviar presentaci\u00f3n en Power Point a trav\u00e9s del correo electr\u00f3nico <a href=\"mailto:evento@inovagri.org.br\">evento@inovagri.org.br<\/a> con la siguiente descripci\u00f3n sobre el tema: <strong>PRESENTACI\u00d3N ORAL \u2013 IBERO BRASILEIRO<\/strong>, hasta el <strong>30\/04\/2021<\/strong>.<\/p>\n\n\n\n<p class=\"has-text-color\" style=\"color:#101010\">Es opcional el env\u00edo del trabajo escrito, pero se deseas la difusi\u00f3n en versi\u00f3n escrita, el mismo puede ser enviado en um pdf. Por lo tanto, no hay un modelo espec\u00edfico.<\/p>\n\n\n\n<p class=\"has-text-color\" style=\"color:#101010\"><strong>C\u00f3mo se llevar\u00e1 a cabo esta acci\u00f3n?<\/strong><\/p>\n\n\n\n<p class=\"has-text-color\" style=\"color:#101010\">El comit\u00e9 cient\u00edfico seleccionar\u00e1 <strong>10 o m\u00e1s trabajos<\/strong> para ser presentados en esta modalidad. La selecci\u00f3n de presentaciones considerar\u00e1:<\/p>\n\n\n\n<p class=\"has-text-color\" style=\"color:#101010\">-Relevancia y originalidad del tema;<br>-Calidad acad\u00e9mica y datos de investigaci\u00f3n.<\/p>\n\n\n\n<p class=\"has-text-color\" style=\"color:#101010\"><br>Cada presentaci\u00f3n oral debe tener una duraci\u00f3n m\u00e1xima de <strong>15 minutos<\/strong>.<\/p>\n\n\n\n<p class=\"has-text-color\" style=\"color:#101010\">Los trabajos deber\u00e1n presentarse en forma de comunicaci\u00f3n oral en un entorno virtual, en forma de diapositivas (<strong><a href=\"https:\/\/inovagri.org.br\/en\/wp-content\/uploads\/2021\/02\/Modelo-de-Apresentacao-IBERO-BRASILEIRO.pptx\">CLICK AQU\u00cd Y DESCARGUE EL MODELO<\/a><\/strong>) para ser proyectadas por los presentadores en la plataforma del evento.<\/p>\n\n\n\n<p class=\"has-text-color\" style=\"color:#101010\">Los congresistas podr\u00e1n interactuar con el presentador haciendo preguntas a trav\u00e9s del chat.<\/p>\n\n\n\n<p class=\"has-text-color\" style=\"color:#101010\"><strong>Si existe inter\u00e9s, los trabajos seleccionados para presentaci\u00f3n podr\u00e1n enviar un resumen del trabajo presentado que ser\u00e1 publicado en la publicaci\u00f3n del evento.<\/strong><\/p>\n\n\n\n<p class=\"has-text-color\" style=\"color:#101010\"><strong>Qu\u00e9 obras \/ proyectos se incluyen en esta acci\u00f3n?<\/strong><\/p>\n\n\n\n<p class=\"has-text-color\" style=\"color:#101010\">Se pueden presentar: res\u00famenes de investigaci\u00f3n y \/ o extensi\u00f3n, res\u00famenes de proyectos de iniciaci\u00f3n cient\u00edfica, informes de pr\u00e1cticas, trabajos de finalizaci\u00f3n de cursos, monograf\u00edas, disertaciones y tesis de estudiantes de grado, especializaci\u00f3n y posgrado (amplio y stricto sensu).<\/p>\n\n\n\n<p class=\"has-text-color\" style=\"color:#101010\">Comentarios:<\/p>\n\n\n\n<p class=\"has-text-color\" style=\"color:#101010\">-El trabajo de investigaci\u00f3n debe estar finalizado o en proceso de finalizaci\u00f3n para que se puedan presentar resultados finales o parciales, que puedan ser discutidos.<br>-Se pueden presentar trabajos de ampliaci\u00f3n, cuando se basen en metodolog\u00eda cient\u00edfica.<\/p>\n\n\n\n<p><br><strong>Disposiciones finales<\/strong><\/p>\n\n\n\n<p class=\"has-text-color\" style=\"color:#111112\">El horario con los enlaces de las salas virtuales se enviar\u00e1 por correo electr\u00f3nico antes de la fecha del evento.<\/p>\n\n\n\n<p class=\"has-text-color\" style=\"color:#111112\">Se debe respetar estrictamente el tiempo determinado para cada trabajo, tanto para el inicio como para el final de cada presentaci\u00f3n.<\/p>\n\n\n\n<p class=\"has-text-color\" style=\"color:#111112\">Las diapositivas deben estar preparadas en portugu\u00e9s, espa\u00f1ol o ingl\u00e9s.<\/p>\n\n\n\n<p class=\"has-text-color\" style=\"color:#111112\">Son deseables en las presentaciones fotos y v\u00eddeos del trabajo em campo.<\/p>\n\n\n\n<p class=\"has-text-color\" style=\"color:#111112\">En la presentaci\u00f3n se utilizar\u00e1n recursos de audio y video, as\u00ed que, es recomendable estar en un ambiente bien iluminado y libre de ruidos.<\/p>\n\n\n\n<p class=\"has-text-color\" style=\"color:#111112\">Solo los ponentes o participantes registrados podr\u00e1n realizar presentaciones.<\/p>\n\n\n\n<figure class=\"wp-block-image\"><img alt=\"\"\/><\/figure>\n\n\n\n<h3 class=\"has-text-align-center\">DIRECTORES<\/h3>\n\n\n\n<h3 class=\"has-text-align-center\"><a href=\"http:\/\/www.inovagri.org.br\"><img loading=\"lazy\" width=\"1002\" height=\"590\" class=\"wp-image-1565\" style=\"width: 150px;\" src=\"https:\/\/inovagri.org.br\/wp-content\/uploads\/2020\/09\/WhatsApp-Image-2020-09-23-at-10.28.46.jpeg\" alt=\"\" srcset=\"https:\/\/inovagri.org.br\/en\/wp-content\/uploads\/2020\/09\/WhatsApp-Image-2020-09-23-at-10.28.46.jpeg 1002w, https:\/\/inovagri.org.br\/en\/wp-content\/uploads\/2020\/09\/WhatsApp-Image-2020-09-23-at-10.28.46-300x177.jpeg 300w, https:\/\/inovagri.org.br\/en\/wp-content\/uploads\/2020\/09\/WhatsApp-Image-2020-09-23-at-10.28.46-768x452.jpeg 768w, https:\/\/inovagri.org.br\/en\/wp-content\/uploads\/2020\/09\/WhatsApp-Image-2020-09-23-at-10.28.46-705x415.jpeg 705w\" sizes=\"(max-width: 1002px) 100vw, 1002px\" \/><\/a><a rel=\"noreferrer noopener\" href=\"http:\/\/www.abid.org.br\/abid_default.asp\" target=\"_blank\"><img loading=\"lazy\" width=\"1002\" height=\"590\" class=\"wp-image-1566\" style=\"width: 150px;\" src=\"https:\/\/inovagri.org.br\/wp-content\/uploads\/2020\/09\/WhatsApp-Image-2020-09-23-at-11.34.53.jpeg\" alt=\"\" srcset=\"https:\/\/inovagri.org.br\/en\/wp-content\/uploads\/2020\/09\/WhatsApp-Image-2020-09-23-at-11.34.53.jpeg 1002w, https:\/\/inovagri.org.br\/en\/wp-content\/uploads\/2020\/09\/WhatsApp-Image-2020-09-23-at-11.34.53-300x177.jpeg 300w, https:\/\/inovagri.org.br\/en\/wp-content\/uploads\/2020\/09\/WhatsApp-Image-2020-09-23-at-11.34.53-768x452.jpeg 768w, https:\/\/inovagri.org.br\/en\/wp-content\/uploads\/2020\/09\/WhatsApp-Image-2020-09-23-at-11.34.53-705x415.jpeg 705w\" sizes=\"(max-width: 1002px) 100vw, 1002px\" \/><\/a><a href=\"http:\/\/www.aeryd.es\/\" target=\"_blank\" rel=\"noreferrer noopener\"><img loading=\"lazy\" width=\"1800\" height=\"1200\" class=\"wp-image-2556\" style=\"width: 150px;\" src=\"https:\/\/inovagri.org.br\/en\/wp-content\/uploads\/2021\/05\/Logo-AERYD-site.png\" alt=\"\" srcset=\"https:\/\/inovagri.org.br\/en\/wp-content\/uploads\/2021\/05\/Logo-AERYD-site.png 1800w, https:\/\/inovagri.org.br\/en\/wp-content\/uploads\/2021\/05\/Logo-AERYD-site-300x200.png 300w, https:\/\/inovagri.org.br\/en\/wp-content\/uploads\/2021\/05\/Logo-AERYD-site-1030x687.png 1030w, https:\/\/inovagri.org.br\/en\/wp-content\/uploads\/2021\/05\/Logo-AERYD-site-768x512.png 768w, https:\/\/inovagri.org.br\/en\/wp-content\/uploads\/2021\/05\/Logo-AERYD-site-1536x1024.png 1536w, https:\/\/inovagri.org.br\/en\/wp-content\/uploads\/2021\/05\/Logo-AERYD-site-1500x1000.png 1500w, https:\/\/inovagri.org.br\/en\/wp-content\/uploads\/2021\/05\/Logo-AERYD-site-705x470.png 705w\" sizes=\"(max-width: 1800px) 100vw, 1800px\" \/><\/a><a rel=\"noreferrer noopener\" href=\"http:\/\/www.fenareg.pt\/\" target=\"_blank\"><img class=\"wp-image-2918\" style=\"width: 150px;\" src=\"https:\/\/inovagri.org.br\/wp-content\/uploads\/2021\/04\/Logo-Fenareg-para-site.png\" alt=\"\"><\/a><a rel=\"noreferrer noopener sponsored nofollow\" href=\"http:\/\/www.abid.org.br\/abid_default.asp\" target=\"_blank\"><img loading=\"lazy\" width=\"1002\" height=\"590\" class=\"wp-image-1567\" style=\"width: 150px;\" src=\"https:\/\/inovagri.org.br\/wp-content\/uploads\/2020\/09\/WhatsApp-Image-2020-09-23-at-10.57.41.jpeg\" alt=\"\" srcset=\"https:\/\/inovagri.org.br\/en\/wp-content\/uploads\/2020\/09\/WhatsApp-Image-2020-09-23-at-10.57.41.jpeg 1002w, https:\/\/inovagri.org.br\/en\/wp-content\/uploads\/2020\/09\/WhatsApp-Image-2020-09-23-at-10.57.41-300x177.jpeg 300w, https:\/\/inovagri.org.br\/en\/wp-content\/uploads\/2020\/09\/WhatsApp-Image-2020-09-23-at-10.57.41-768x452.jpeg 768w, https:\/\/inovagri.org.br\/en\/wp-content\/uploads\/2020\/09\/WhatsApp-Image-2020-09-23-at-10.57.41-705x415.jpeg 705w\" sizes=\"(max-width: 1002px) 100vw, 1002px\" \/><\/a><a rel=\"noreferrer noopener\" href=\"https:\/\/institutofuture.com.br\/\" target=\"_blank\"><img loading=\"lazy\" width=\"1002\" height=\"590\" class=\"wp-image-1570\" style=\"width: 150px;\" src=\"https:\/\/inovagri.org.br\/wp-content\/uploads\/2020\/09\/WhatsApp-Image-2020-09-23-at-12.18.14.jpeg\" alt=\"\" srcset=\"https:\/\/inovagri.org.br\/en\/wp-content\/uploads\/2020\/09\/WhatsApp-Image-2020-09-23-at-12.18.14.jpeg 1002w, https:\/\/inovagri.org.br\/en\/wp-content\/uploads\/2020\/09\/WhatsApp-Image-2020-09-23-at-12.18.14-300x177.jpeg 300w, https:\/\/inovagri.org.br\/en\/wp-content\/uploads\/2020\/09\/WhatsApp-Image-2020-09-23-at-12.18.14-768x452.jpeg 768w, https:\/\/inovagri.org.br\/en\/wp-content\/uploads\/2020\/09\/WhatsApp-Image-2020-09-23-at-12.18.14-705x415.jpeg 705w\" sizes=\"(max-width: 1002px) 100vw, 1002px\" \/><\/a><\/h3>\n\n\n\n<h3 class=\"has-text-align-center\"><a href=\"http:\/\/www.aeryd.es\/\" target=\"_blank\" rel=\"noreferrer noopener\"><\/a><\/h3>\n\n\n\n<h3 class=\"has-text-align-center\">APOYO<\/h3>\n\n\n\n<p class=\"has-text-align-center\"><a href=\"https:\/\/www.centec.org.br\/\" target=\"_blank\" rel=\"noreferrer noopener\"><img loading=\"lazy\" width=\"1002\" height=\"590\" class=\"wp-image-1573\" style=\"width: 180px;\" src=\"https:\/\/inovagri.org.br\/wp-content\/uploads\/2020\/09\/WhatsApp-Image-2020-09-23-at-11.34.53-1.jpeg\" alt=\"\" srcset=\"https:\/\/inovagri.org.br\/en\/wp-content\/uploads\/2020\/09\/WhatsApp-Image-2020-09-23-at-11.34.53-1.jpeg 1002w, https:\/\/inovagri.org.br\/en\/wp-content\/uploads\/2020\/09\/WhatsApp-Image-2020-09-23-at-11.34.53-1-300x177.jpeg 300w, https:\/\/inovagri.org.br\/en\/wp-content\/uploads\/2020\/09\/WhatsApp-Image-2020-09-23-at-11.34.53-1-768x452.jpeg 768w, https:\/\/inovagri.org.br\/en\/wp-content\/uploads\/2020\/09\/WhatsApp-Image-2020-09-23-at-11.34.53-1-705x415.jpeg 705w\" sizes=\"(max-width: 1002px) 100vw, 1002px\" \/><\/a><a href=\"https:\/\/www.sedet.ce.gov.br\/\" target=\"_blank\" rel=\"noreferrer noopener\"><img loading=\"lazy\" width=\"1002\" height=\"590\" class=\"wp-image-1764\" style=\"width: 180px;\" src=\"https:\/\/inovagri.org.br\/wp-content\/uploads\/2020\/09\/WhatsApp-Image-2020-09-28-at-17.20.22.jpeg\" alt=\"\" srcset=\"https:\/\/inovagri.org.br\/en\/wp-content\/uploads\/2020\/09\/WhatsApp-Image-2020-09-28-at-17.20.22.jpeg 1002w, https:\/\/inovagri.org.br\/en\/wp-content\/uploads\/2020\/09\/WhatsApp-Image-2020-09-28-at-17.20.22-300x177.jpeg 300w, https:\/\/inovagri.org.br\/en\/wp-content\/uploads\/2020\/09\/WhatsApp-Image-2020-09-28-at-17.20.22-768x452.jpeg 768w, https:\/\/inovagri.org.br\/en\/wp-content\/uploads\/2020\/09\/WhatsApp-Image-2020-09-28-at-17.20.22-705x415.jpeg 705w\" sizes=\"(max-width: 1002px) 100vw, 1002px\" \/><\/a><a href=\"https:\/\/www.ifsertao-pe.edu.br\/index.php\" target=\"_blank\" rel=\"noreferrer noopener\"><img class=\"wp-image-2939\" style=\"width: 180px;\" src=\"https:\/\/inovagri.org.br\/wp-content\/uploads\/2021\/04\/Logo-IF-Pernambuco-site.png\" alt=\"\"><\/a><a href=\"http:\/\/www.ppgaig.iciag.ufu.br\/\" target=\"_blank\" rel=\"noreferrer noopener\"><img class=\"wp-image-2693\" style=\"width: 150px;\" src=\"https:\/\/inovagri.org.br\/wp-content\/uploads\/2021\/03\/Logo-UFU-para-site.png\" alt=\"\"><\/a><a href=\"https:\/\/ufal.br\/\" target=\"_blank\" rel=\"noreferrer noopener\"><img class=\"wp-image-2763\" style=\"width: 150px;\" src=\"https:\/\/inovagri.org.br\/wp-content\/uploads\/2021\/03\/Logo-UFAL-para-site.png\" alt=\"\"><\/a><a href=\"https:\/\/www.ufms.br\/\" target=\"_blank\" rel=\"noreferrer noopener\"><img class=\"wp-image-3010\" style=\"width: 150px;\" src=\"https:\/\/inovagri.org.br\/wp-content\/uploads\/2021\/04\/20210420_100250_0000.png\" alt=\"\"><\/a><\/p>\n\n\n\n<p class=\"has-text-align-center\"><a href=\"https:\/\/cbpce.org.br\/\" target=\"_blank\" rel=\"noreferrer noopener\"><img class=\"wp-image-2792\" style=\"width: 200px;\" src=\"https:\/\/inovagri.org.br\/wp-content\/uploads\/2021\/03\/1_20210323_154503_0000.png\" alt=\"\"><\/a><a href=\"https:\/\/www.fcpcb.com.br\/\" target=\"_blank\" rel=\"noreferrer noopener\"><img class=\"wp-image-2793\" style=\"width: 180px;\" src=\"https:\/\/inovagri.org.br\/wp-content\/uploads\/2021\/03\/2_20210323_154503_0001.png\" alt=\"\"><\/a><a href=\"https:\/\/ccbe.es\/\" target=\"_blank\" rel=\"noreferrer noopener\"><img class=\"wp-image-3012\" style=\"width: 150px;\" src=\"https:\/\/inovagri.org.br\/wp-content\/uploads\/2021\/04\/20210420_101135_0000.png\" alt=\"\"><\/a>  <a href=\"http:\/\/www.irrigazine.com.br\" target=\"_blank\" rel=\"noreferrer noopener\"><img class=\"wp-image-2837\" style=\"width: 200px;\" src=\"https:\/\/inovagri.org.br\/wp-content\/uploads\/2021\/03\/logo-irrigazine-p-site.png\" alt=\"\"><\/a>  <a href=\"http:\/\/www.fiib.com.br\" target=\"_blank\" rel=\"noreferrer noopener\"><img class=\"wp-image-2836\" style=\"width: 200px;\" src=\"https:\/\/inovagri.org.br\/wp-content\/uploads\/2021\/03\/FIIB.png\" alt=\"\"><\/a><\/p>\n\n\n\n<h3 class=\"has-text-align-center\">PATROCINADORES<\/h3>\n\n\n\n<p class=\"has-text-align-center\"><a href=\"https:\/\/www.bermad.com\/br\/\" target=\"_blank\" rel=\"noreferrer noopener\"><img class=\"wp-image-2798\" style=\"width: 150px;\" src=\"https:\/\/inovagri.org.br\/wp-content\/uploads\/2021\/03\/0001-18834338799_20210325_093308_0000.png\" alt=\"\"><\/a><a href=\"https:\/\/irrigaplan.com.br\/\" target=\"_blank\" rel=\"noreferrer noopener\"><img class=\"wp-image-2925\" style=\"width: 150px;\" src=\"https:\/\/inovagri.org.br\/wp-content\/uploads\/2021\/04\/logo-irrigaplan-para-site.png\" alt=\"\"><\/a><a href=\"http:\/\/www.irriplus.com.br\/\" target=\"_blank\" rel=\"noreferrer noopener\"><img class=\"wp-image-2873\" style=\"width: 150px;\" src=\"https:\/\/inovagri.org.br\/wp-content\/uploads\/2021\/04\/logo-Irriplus-p-site.png\" alt=\"\"><\/a><a href=\"https:\/\/www.3v3.com.br\/\" target=\"_blank\" rel=\"noreferrer noopener\"><img class=\"wp-image-1895\" style=\"width: 150px;\" src=\"https:\/\/inovagri.org.br\/wp-content\/uploads\/2020\/10\/20201026_091953_0000.png\" alt=\"\"><\/a><a href=\"http:\/\/www.valleyirrigation.com.br\/\" target=\"_blank\" rel=\"noreferrer noopener\"><img class=\"wp-image-2145\" style=\"width: 150px;\" src=\"https:\/\/inovagri.org.br\/wp-content\/uploads\/2020\/11\/20201127_105459_0000.png\" alt=\"\"><\/a><a href=\"http:\/\/www.irriger.com.br\/pt-BR\" target=\"_blank\" rel=\"noreferrer noopener\"><img class=\"wp-image-2146\" style=\"width: 150px;\" src=\"https:\/\/inovagri.org.br\/wp-content\/uploads\/2020\/11\/20201127_105528_0000.png\" alt=\"\"><\/a><\/p>\n\n\n\n<p class=\"has-text-align-center\"><a href=\"https:\/\/portal.cogerh.com.br\/\" target=\"_blank\" rel=\"noreferrer noopener\"><img class=\"wp-image-3176\" style=\"width: 190px;\" src=\"https:\/\/inovagri.org.br\/wp-content\/uploads\/2021\/05\/1_20210503_093010_0000.png\" alt=\"\"><\/a><a href=\"https:\/\/www.srh.ce.gov.br\/\" target=\"_blank\" rel=\"noreferrer noopener\"><img class=\"wp-image-3183\" style=\"width: 190px;\" src=\"https:\/\/inovagri.org.br\/wp-content\/uploads\/2021\/05\/20210503_112311_0000.png\" alt=\"\"><\/a>   <a href=\"https:\/\/www.bnb.gov.br\/\" target=\"_blank\" rel=\"noreferrer noopener\"><img class=\"wp-image-2278\" style=\"width: 190px;\" src=\"https:\/\/inovagri.org.br\/wp-content\/uploads\/2020\/12\/BNB.png\" alt=\"\"><\/a><a href=\"https:\/\/www.gov.br\/pt-br\" target=\"_blank\" rel=\"noreferrer noopener\"><img class=\"wp-image-2280\" style=\"width: 190px;\" src=\"https:\/\/inovagri.org.br\/wp-content\/uploads\/2020\/12\/GOV.png\" alt=\"\"><\/a><\/p>\n\n\n\n<p class=\"has-text-align-center\"><\/p>\n","protected":false},"excerpt":{"rendered":"<p>PRESENTACIONES CIENT\u00cdFICAS Durante el Seminario Iberobrasile\u00f1o de Agricultura de Riego habr\u00e1 un per\u00edodo para presentaciones orales de los participantes. Los interesados \u200b\u200ben participar en esta acci\u00f3n deben estar inscritos previamente al seminario. Deber\u00e1n enviar presentaci\u00f3n en Power Point a trav\u00e9s del correo electr\u00f3nico evento@inovagri.org.br con la siguiente descripci\u00f3n sobre el tema: PRESENTACI\u00d3N ORAL \u2013 IBERO [&hellip;]<\/p>\n","protected":false},"author":3,"featured_media":0,"parent":0,"menu_order":0,"comment_status":"closed","ping_status":"closed","template":"","meta":[],"yoast_head":"<!-- This site is optimized with the Yoast SEO plugin v15.0 - https:\/\/yoast.com\/wordpress\/plugins\/seo\/ -->\n<title>Ibero-Brasileiro-Scientific Presentations - Inovagri<\/title>\n<meta name=\"robots\" content=\"index, follow, max-snippet:-1, max-image-preview:large, max-video-preview:-1\" \/>\n<link rel=\"canonical\" href=\"https:\/\/inovagri.org.br\/en\/ibero-brasileiro-scientific-presentations\/\" \/>\n<meta property=\"og:locale\" content=\"pt_BR\" \/>\n<meta property=\"og:type\" content=\"article\" \/>\n<meta property=\"og:title\" content=\"Ibero-Brasileiro-Scientific Presentations - Inovagri\" \/>\n<meta property=\"og:description\" content=\"PRESENTACIONES CIENT\u00cdFICAS Durante el Seminario Iberobrasile\u00f1o de Agricultura de Riego habr\u00e1 un per\u00edodo para presentaciones orales de los participantes. Los interesados \u200b\u200ben participar en esta acci\u00f3n deben estar inscritos previamente al seminario. Deber\u00e1n enviar presentaci\u00f3n en Power Point a trav\u00e9s del correo electr\u00f3nico evento@inovagri.org.br con la siguiente descripci\u00f3n sobre el tema: PRESENTACI\u00d3N ORAL \u2013 IBERO [&hellip;]\" \/>\n<meta property=\"og:url\" content=\"https:\/\/inovagri.org.br\/en\/ibero-brasileiro-scientific-presentations\/\" \/>\n<meta property=\"og:site_name\" content=\"Inovagri\" \/>\n<meta property=\"article:modified_time\" content=\"2021-05-07T23:25:51+00:00\" \/>\n<meta property=\"og:image\" content=\"https:\/\/inovagri.org.br\/en\/wp-content\/uploads\/2021\/02\/logo-transparente-SIBAI-1030x270.png\" \/>\n<meta name=\"twitter:card\" content=\"summary_large_image\" \/>\n<script type=\"application\/ld+json\" class=\"yoast-schema-graph\">{\"@context\":\"https:\/\/schema.org\",\"@graph\":[{\"@type\":\"WebSite\",\"@id\":\"https:\/\/inovagri.org.br\/en\/#website\",\"url\":\"https:\/\/inovagri.org.br\/en\/\",\"name\":\"Inovagri\",\"description\":\"Irriga\\u00e7\\u00e3o e Agricultura.\",\"potentialAction\":[{\"@type\":\"SearchAction\",\"target\":\"https:\/\/inovagri.org.br\/en\/?s={search_term_string}\",\"query-input\":\"required name=search_term_string\"}],\"inLanguage\":\"pt-BR\"},{\"@type\":\"ImageObject\",\"@id\":\"https:\/\/inovagri.org.br\/en\/ibero-brasileiro-scientific-presentations\/#primaryimage\",\"inLanguage\":\"pt-BR\",\"url\":\"https:\/\/inovagri.org.br\/en\/wp-content\/uploads\/2021\/02\/logo-transparente-SIBAI.png\",\"width\":1844,\"height\":484},{\"@type\":\"WebPage\",\"@id\":\"https:\/\/inovagri.org.br\/en\/ibero-brasileiro-scientific-presentations\/#webpage\",\"url\":\"https:\/\/inovagri.org.br\/en\/ibero-brasileiro-scientific-presentations\/\",\"name\":\"Ibero-Brasileiro-Scientific Presentations - Inovagri\",\"isPartOf\":{\"@id\":\"https:\/\/inovagri.org.br\/en\/#website\"},\"primaryImageOfPage\":{\"@id\":\"https:\/\/inovagri.org.br\/en\/ibero-brasileiro-scientific-presentations\/#primaryimage\"},\"datePublished\":\"2021-02-25T17:58:03+00:00\",\"dateModified\":\"2021-05-07T23:25:51+00:00\",\"inLanguage\":\"pt-BR\",\"potentialAction\":[{\"@type\":\"ReadAction\",\"target\":[\"https:\/\/inovagri.org.br\/en\/ibero-brasileiro-scientific-presentations\/\"]}]}]}<\/script>\n<!-- \/ Yoast SEO plugin. -->","_links":{"self":[{"href":"https:\/\/inovagri.org.br\/en\/wp-json\/wp\/v2\/pages\/2302"}],"collection":[{"href":"https:\/\/inovagri.org.br\/en\/wp-json\/wp\/v2\/pages"}],"about":[{"href":"https:\/\/inovagri.org.br\/en\/wp-json\/wp\/v2\/types\/page"}],"author":[{"embeddable":true,"href":"https:\/\/inovagri.org.br\/en\/wp-json\/wp\/v2\/users\/3"}],"replies":[{"embeddable":true,"href":"https:\/\/inovagri.org.br\/en\/wp-json\/wp\/v2\/comments?post=2302"}],"version-history":[{"count":24,"href":"https:\/\/inovagri.org.br\/en\/wp-json\/wp\/v2\/pages\/2302\/revisions"}],"predecessor-version":[{"id":2571,"href":"https:\/\/inovagri.org.br\/en\/wp-json\/wp\/v2\/pages\/2302\/revisions\/2571"}],"wp:attachment":[{"href":"https:\/\/inovagri.org.br\/en\/wp-json\/wp\/v2\/media?parent=2302"}],"curies":[{"name":"wp","href":"https:\/\/api.w.org\/{rel}","templated":true}]}}