{"id":2309,"date":"2021-02-25T15:29:36","date_gmt":"2021-02-25T18:29:36","guid":{"rendered":"https:\/\/inovagri.org.br\/en\/?page_id=2309"},"modified":"2021-05-07T20:24:42","modified_gmt":"2021-05-07T23:24:42","slug":"ibero-brasileiro-inscricoes","status":"publish","type":"page","link":"https:\/\/inovagri.org.br\/en\/ibero-brasileiro-inscricoes\/","title":{"rendered":"Ibero-Brasileiro-inscri\u00e7\u00f5es"},"content":{"rendered":"\n<div class=\"wp-block-image\"><figure class=\"aligncenter size-large\"><img loading=\"lazy\" width=\"1030\" height=\"270\" src=\"https:\/\/inovagri.org.br\/en\/wp-content\/uploads\/2021\/02\/logo-transparente-SIBAI-1030x270.png\" alt=\"\" class=\"wp-image-2299\" srcset=\"https:\/\/inovagri.org.br\/en\/wp-content\/uploads\/2021\/02\/logo-transparente-SIBAI-1030x270.png 1030w, https:\/\/inovagri.org.br\/en\/wp-content\/uploads\/2021\/02\/logo-transparente-SIBAI-300x79.png 300w, https:\/\/inovagri.org.br\/en\/wp-content\/uploads\/2021\/02\/logo-transparente-SIBAI-768x202.png 768w, https:\/\/inovagri.org.br\/en\/wp-content\/uploads\/2021\/02\/logo-transparente-SIBAI-1536x403.png 1536w, https:\/\/inovagri.org.br\/en\/wp-content\/uploads\/2021\/02\/logo-transparente-SIBAI-1500x394.png 1500w, https:\/\/inovagri.org.br\/en\/wp-content\/uploads\/2021\/02\/logo-transparente-SIBAI-705x185.png 705w, https:\/\/inovagri.org.br\/en\/wp-content\/uploads\/2021\/02\/logo-transparente-SIBAI.png 1844w\" sizes=\"(max-width: 1030px) 100vw, 1030px\" \/><\/figure><\/div>\n\n\n\n<figure class=\"wp-block-image\"><img alt=\"\"\/><\/figure>\n\n\n\n<div class=\"wp-block-buttons aligncenter\">\n<div class=\"wp-block-button\"><a class=\"wp-block-button__link has-text-color has-background\" href=\"http:\/\/icolibri.com.br\/2021\/public\/\" style=\"background-color:#40a135;color:#fefefe\">REGISTRAR AQU\u00cd<\/a><\/div>\n<\/div>\n\n\n\n<h2 class=\"has-text-align-center\">INFORMACIONES GENERALES<\/h2>\n\n\n\n<div class=\"wp-block-columns\">\n<div class=\"wp-block-column\">\n<p class=\"has-text-align-center\"><strong>HASTA EL 31 DE MARZO<\/strong><\/p>\n\n\n\n<figure class=\"wp-block-table is-style-regular\"><table><tbody><tr><td><\/td><td class=\"has-text-align-left\" data-align=\"left\"><\/td><td class=\"has-text-align-left\" data-align=\"left\"><\/td><td class=\"has-text-align-center\" data-align=\"center\"><strong>ASOCIADO <\/strong><br><strong><strong><strong>AERYD\/ABID\/FENAREG<\/strong><\/strong><\/strong><\/td><td class=\"has-text-align-center\" data-align=\"center\"><\/td><\/tr><tr><td><strong>CATEGOR\u00cdA<\/strong><\/td><td class=\"has-text-align-left\" data-align=\"left\"><strong>R$<\/strong><\/td><td class=\"has-text-align-left\" data-align=\"left\"><strong>U$<\/strong><\/td><td class=\"has-text-align-center\" data-align=\"center\"><strong>R$<\/strong><\/td><td class=\"has-text-align-center\" data-align=\"center\"><strong>U$<\/strong><\/td><\/tr><tr><td><strong>Estudiante graduado<\/strong><\/td><td class=\"has-text-align-left\" data-align=\"left\"><strong>50 R$<\/strong><\/td><td class=\"has-text-align-left\" data-align=\"left\"><strong>10 U$<\/strong><\/td><td class=\"has-text-align-center\" data-align=\"center\"><strong>35<\/strong><\/td><td class=\"has-text-align-center\" data-align=\"center\"><strong>7<\/strong><\/td><\/tr><tr><td><strong>Estudiante de posgrado<\/strong><\/td><td class=\"has-text-align-left\" data-align=\"left\"><strong>70 R$<\/strong><\/td><td class=\"has-text-align-left\" data-align=\"left\"><strong>14 U$<\/strong><\/td><td class=\"has-text-align-center\" data-align=\"center\"><strong>50<\/strong><\/td><td class=\"has-text-align-center\" data-align=\"center\"><strong>10<\/strong><\/td><\/tr><tr><td><strong>Profesional<\/strong><\/td><td class=\"has-text-align-left\" data-align=\"left\"><strong>120 R$<\/strong><\/td><td class=\"has-text-align-left\" data-align=\"left\"><strong>24 U$<\/strong><\/td><td class=\"has-text-align-center\" data-align=\"center\"><strong>85<\/strong><\/td><td class=\"has-text-align-center\" data-align=\"center\"><strong>18<\/strong><\/td><\/tr><\/tbody><\/table><\/figure>\n\n\n\n<figure class=\"wp-block-image\"><img alt=\"\"\/><\/figure>\n\n\n\n<p class=\"has-text-align-center\"><strong>VALORES ACTUAL<\/strong><\/p>\n\n\n\n<figure class=\"wp-block-table is-style-regular\"><table><tbody><tr><td><\/td><td class=\"has-text-align-center\" data-align=\"center\"><\/td><td class=\"has-text-align-center\" data-align=\"center\"><\/td><td class=\"has-text-align-center\" data-align=\"center\"><strong><strong>ASOCIADO<\/strong><br><strong><strong>AERYD\/ABID\/FENAREG<\/strong><\/strong><\/strong><\/td><td class=\"has-text-align-center\" data-align=\"center\"><\/td><\/tr><tr><td><strong><strong>CATEGOR\u00cdA<\/strong><\/strong><\/td><td class=\"has-text-align-center\" data-align=\"center\"><strong><strong>R$<\/strong><\/strong><\/td><td class=\"has-text-align-center\" data-align=\"center\"><strong> U$<\/strong><\/td><td class=\"has-text-align-center\" data-align=\"center\"><strong><strong>R$<\/strong><\/strong><\/td><td class=\"has-text-align-center\" data-align=\"center\"><strong>U$<\/strong><\/td><\/tr><tr><td><strong><strong>Estudiante graduado<\/strong><\/strong><\/td><td class=\"has-text-align-center\" data-align=\"center\"><strong>70 R$<\/strong><\/td><td class=\"has-text-align-center\" data-align=\"center\"><strong>14 U$<\/strong><\/td><td class=\"has-text-align-center\" data-align=\"center\"><strong>35<\/strong><\/td><td class=\"has-text-align-center\" data-align=\"center\"><strong>7<\/strong><\/td><\/tr><tr><td><strong><strong>Estudiante de posgrado<\/strong><\/strong><\/td><td class=\"has-text-align-center\" data-align=\"center\"><strong>90 R$<\/strong><\/td><td class=\"has-text-align-center\" data-align=\"center\"><strong>18 U$<\/strong><\/td><td class=\"has-text-align-center\" data-align=\"center\"><strong>50<\/strong><\/td><td class=\"has-text-align-center\" data-align=\"center\"><strong>10<\/strong><\/td><\/tr><tr><td><strong><strong>Profesional<\/strong><\/strong><\/td><td class=\"has-text-align-center\" data-align=\"center\"><strong>150 R$<\/strong><\/td><td class=\"has-text-align-center\" data-align=\"center\"><strong>30 U$<\/strong><\/td><td class=\"has-text-align-center\" data-align=\"center\"><strong>85<\/strong><\/td><td class=\"has-text-align-center\" data-align=\"center\"><strong>18<\/strong><\/td><\/tr><\/tbody><\/table><\/figure>\n<\/div>\n\n\n\n<div class=\"wp-block-column\">\n<ul><li><span style=\"color:#111112\" class=\"has-inline-color\">Todos los datos del formulario son obligatorios.<\/span><\/li><li><span style=\"color:#111112\" class=\"has-inline-color\">El comprobante de la Categor\u00eda en la que encaja el registrante debe adjuntarse a trav\u00e9s del sistema. Es un documento actualizado que acredita la categor\u00eda en la que se encuentra el registrante. Ej .: Estudiante de pregrado: comprobante de matr\u00edcula.<\/span><\/li><li><strong>Registro a trav\u00e9s de Paypal o dep\u00f3sito bancario<\/strong><\/li><li><span style=\"color:#111112\" class=\"has-inline-color\">Si la opci\u00f3n elegida es dep\u00f3sito o transferencia identificada, los datos bancarios son:<\/span><\/li><\/ul>\n\n\n\n<p class=\"has-text-color\" style=\"color:#121313\"><strong>Detalles del dep\u00f3sito:<\/strong><\/p>\n\n\n\n<p class=\"has-text-color\" style=\"color:#121313\"><strong>Banco de Brasil<\/strong><\/p>\n\n\n\n<p class=\"has-text-color\" style=\"color:#121313\"><strong>Agencia: 2917-3<\/strong><\/p>\n\n\n\n<p class=\"has-text-color\" style=\"color:#121313\"><strong>Cuenta corriente: 107580-2<\/strong><\/p>\n\n\n\n<p><strong>Pix: 08.624.021\/0001-90<\/strong><\/p>\n\n\n\n<p class=\"has-text-color\" style=\"color:#121313\">En representaci\u00f3n del Instituto de Investigaci\u00f3n e Innovaci\u00f3n en Agricultura de Riego &#8211; INOVAGRI.<\/p>\n\n\n\n<p class=\"has-text-color\" style=\"color:#121313\">NOTA: Para esta opci\u00f3n de pago (dep\u00f3sito o transferencia) se debe adjuntar el recibo al sistema de registro en la pesta\u00f1a de pagos;<\/p>\n\n\n\n<p class=\"has-text-color\" style=\"color:#121313\"><strong>CANCELACI\u00d3N<\/strong><\/p>\n\n\n\n<p class=\"has-text-color\" style=\"color:#121313\">-El registrante debe enviar un correo electr\u00f3nico a evento@inovagri.org.br con la solicitud de cancelaci\u00f3n.<\/p>\n\n\n\n<p class=\"has-text-color\" style=\"color:#121313\">-En caso de no asistir al evento, no se realizar\u00e1 ning\u00fan reembolso.<\/p>\n\n\n\n<p class=\"has-text-color\" style=\"color:#121313\"><strong>Plazos<\/strong><\/p>\n\n\n\n<p class=\"has-text-color\" style=\"color:#121313\">-Hasta 45 d\u00edas antes del evento: devoluci\u00f3n del 90% del importe abonado.<\/p>\n\n\n\n<p class=\"has-text-color\" style=\"color:#121313\">-Hasta 30 d\u00edas antes del evento: devoluci\u00f3n del 80% del importe abonado.<\/p>\n\n\n\n<p class=\"has-text-color\" style=\"color:#121313\">-Hasta 15 d\u00edas antes del evento: devoluci\u00f3n del 50% del importe abonado.<\/p>\n\n\n\n<p class=\"has-text-color\" style=\"color:#121313\">-Menos de 15 d\u00edas antes del evento: no habr\u00e1 devoluci\u00f3n de los importes abonados.<\/p>\n<\/div>\n<\/div>\n\n\n\n<figure class=\"wp-block-image\"><img alt=\"\"\/><\/figure>\n\n\n\n<h3 class=\"has-text-align-center\">DIRECTORES<\/h3>\n\n\n\n<h3 class=\"has-text-align-center\"><a href=\"http:\/\/www.inovagri.org.br\"><img loading=\"lazy\" width=\"1002\" height=\"590\" class=\"wp-image-1565\" style=\"width: 150px;\" src=\"https:\/\/inovagri.org.br\/wp-content\/uploads\/2020\/09\/WhatsApp-Image-2020-09-23-at-10.28.46.jpeg\" alt=\"\" srcset=\"https:\/\/inovagri.org.br\/en\/wp-content\/uploads\/2020\/09\/WhatsApp-Image-2020-09-23-at-10.28.46.jpeg 1002w, https:\/\/inovagri.org.br\/en\/wp-content\/uploads\/2020\/09\/WhatsApp-Image-2020-09-23-at-10.28.46-300x177.jpeg 300w, https:\/\/inovagri.org.br\/en\/wp-content\/uploads\/2020\/09\/WhatsApp-Image-2020-09-23-at-10.28.46-768x452.jpeg 768w, https:\/\/inovagri.org.br\/en\/wp-content\/uploads\/2020\/09\/WhatsApp-Image-2020-09-23-at-10.28.46-705x415.jpeg 705w\" sizes=\"(max-width: 1002px) 100vw, 1002px\" \/><\/a><a rel=\"noreferrer noopener\" href=\"http:\/\/www.abid.org.br\/abid_default.asp\" target=\"_blank\"><img loading=\"lazy\" width=\"1002\" height=\"590\" class=\"wp-image-1566\" style=\"width: 150px;\" src=\"https:\/\/inovagri.org.br\/wp-content\/uploads\/2020\/09\/WhatsApp-Image-2020-09-23-at-11.34.53.jpeg\" alt=\"\" srcset=\"https:\/\/inovagri.org.br\/en\/wp-content\/uploads\/2020\/09\/WhatsApp-Image-2020-09-23-at-11.34.53.jpeg 1002w, https:\/\/inovagri.org.br\/en\/wp-content\/uploads\/2020\/09\/WhatsApp-Image-2020-09-23-at-11.34.53-300x177.jpeg 300w, https:\/\/inovagri.org.br\/en\/wp-content\/uploads\/2020\/09\/WhatsApp-Image-2020-09-23-at-11.34.53-768x452.jpeg 768w, https:\/\/inovagri.org.br\/en\/wp-content\/uploads\/2020\/09\/WhatsApp-Image-2020-09-23-at-11.34.53-705x415.jpeg 705w\" sizes=\"(max-width: 1002px) 100vw, 1002px\" \/><\/a><a href=\"http:\/\/www.aeryd.es\/\" target=\"_blank\" rel=\"noreferrer noopener\"><img loading=\"lazy\" width=\"1800\" height=\"1200\" class=\"wp-image-2556\" style=\"width: 150px;\" src=\"https:\/\/inovagri.org.br\/en\/wp-content\/uploads\/2021\/05\/Logo-AERYD-site.png\" alt=\"\" srcset=\"https:\/\/inovagri.org.br\/en\/wp-content\/uploads\/2021\/05\/Logo-AERYD-site.png 1800w, https:\/\/inovagri.org.br\/en\/wp-content\/uploads\/2021\/05\/Logo-AERYD-site-300x200.png 300w, https:\/\/inovagri.org.br\/en\/wp-content\/uploads\/2021\/05\/Logo-AERYD-site-1030x687.png 1030w, https:\/\/inovagri.org.br\/en\/wp-content\/uploads\/2021\/05\/Logo-AERYD-site-768x512.png 768w, https:\/\/inovagri.org.br\/en\/wp-content\/uploads\/2021\/05\/Logo-AERYD-site-1536x1024.png 1536w, https:\/\/inovagri.org.br\/en\/wp-content\/uploads\/2021\/05\/Logo-AERYD-site-1500x1000.png 1500w, https:\/\/inovagri.org.br\/en\/wp-content\/uploads\/2021\/05\/Logo-AERYD-site-705x470.png 705w\" sizes=\"(max-width: 1800px) 100vw, 1800px\" \/><\/a><a rel=\"noreferrer noopener\" href=\"http:\/\/www.fenareg.pt\/\" target=\"_blank\"><img class=\"wp-image-2918\" style=\"width: 150px;\" src=\"https:\/\/inovagri.org.br\/wp-content\/uploads\/2021\/04\/Logo-Fenareg-para-site.png\" alt=\"\"><\/a><a rel=\"noreferrer noopener sponsored nofollow\" href=\"http:\/\/www.abid.org.br\/abid_default.asp\" target=\"_blank\"><img loading=\"lazy\" width=\"1002\" height=\"590\" class=\"wp-image-1567\" style=\"width: 150px;\" src=\"https:\/\/inovagri.org.br\/wp-content\/uploads\/2020\/09\/WhatsApp-Image-2020-09-23-at-10.57.41.jpeg\" alt=\"\" srcset=\"https:\/\/inovagri.org.br\/en\/wp-content\/uploads\/2020\/09\/WhatsApp-Image-2020-09-23-at-10.57.41.jpeg 1002w, https:\/\/inovagri.org.br\/en\/wp-content\/uploads\/2020\/09\/WhatsApp-Image-2020-09-23-at-10.57.41-300x177.jpeg 300w, https:\/\/inovagri.org.br\/en\/wp-content\/uploads\/2020\/09\/WhatsApp-Image-2020-09-23-at-10.57.41-768x452.jpeg 768w, https:\/\/inovagri.org.br\/en\/wp-content\/uploads\/2020\/09\/WhatsApp-Image-2020-09-23-at-10.57.41-705x415.jpeg 705w\" sizes=\"(max-width: 1002px) 100vw, 1002px\" \/><\/a><a rel=\"noreferrer noopener\" href=\"https:\/\/institutofuture.com.br\/\" target=\"_blank\"><img loading=\"lazy\" width=\"1002\" height=\"590\" class=\"wp-image-1570\" style=\"width: 150px;\" src=\"https:\/\/inovagri.org.br\/wp-content\/uploads\/2020\/09\/WhatsApp-Image-2020-09-23-at-12.18.14.jpeg\" alt=\"\" srcset=\"https:\/\/inovagri.org.br\/en\/wp-content\/uploads\/2020\/09\/WhatsApp-Image-2020-09-23-at-12.18.14.jpeg 1002w, https:\/\/inovagri.org.br\/en\/wp-content\/uploads\/2020\/09\/WhatsApp-Image-2020-09-23-at-12.18.14-300x177.jpeg 300w, https:\/\/inovagri.org.br\/en\/wp-content\/uploads\/2020\/09\/WhatsApp-Image-2020-09-23-at-12.18.14-768x452.jpeg 768w, https:\/\/inovagri.org.br\/en\/wp-content\/uploads\/2020\/09\/WhatsApp-Image-2020-09-23-at-12.18.14-705x415.jpeg 705w\" sizes=\"(max-width: 1002px) 100vw, 1002px\" \/><\/a><\/h3>\n\n\n\n<h3 class=\"has-text-align-center\"><a href=\"http:\/\/www.aeryd.es\/\" target=\"_blank\" rel=\"noreferrer noopener\"><\/a><\/h3>\n\n\n\n<h3 class=\"has-text-align-center\">APOYO<\/h3>\n\n\n\n<p class=\"has-text-align-center\"><a href=\"https:\/\/www.centec.org.br\/\" target=\"_blank\" rel=\"noreferrer noopener\"><img loading=\"lazy\" width=\"1002\" height=\"590\" class=\"wp-image-1573\" style=\"width: 180px;\" src=\"https:\/\/inovagri.org.br\/wp-content\/uploads\/2020\/09\/WhatsApp-Image-2020-09-23-at-11.34.53-1.jpeg\" alt=\"\" srcset=\"https:\/\/inovagri.org.br\/en\/wp-content\/uploads\/2020\/09\/WhatsApp-Image-2020-09-23-at-11.34.53-1.jpeg 1002w, https:\/\/inovagri.org.br\/en\/wp-content\/uploads\/2020\/09\/WhatsApp-Image-2020-09-23-at-11.34.53-1-300x177.jpeg 300w, https:\/\/inovagri.org.br\/en\/wp-content\/uploads\/2020\/09\/WhatsApp-Image-2020-09-23-at-11.34.53-1-768x452.jpeg 768w, https:\/\/inovagri.org.br\/en\/wp-content\/uploads\/2020\/09\/WhatsApp-Image-2020-09-23-at-11.34.53-1-705x415.jpeg 705w\" sizes=\"(max-width: 1002px) 100vw, 1002px\" \/><\/a><a href=\"https:\/\/www.sedet.ce.gov.br\/\" target=\"_blank\" rel=\"noreferrer noopener\"><img loading=\"lazy\" width=\"1002\" height=\"590\" class=\"wp-image-1764\" style=\"width: 180px;\" src=\"https:\/\/inovagri.org.br\/wp-content\/uploads\/2020\/09\/WhatsApp-Image-2020-09-28-at-17.20.22.jpeg\" alt=\"\" srcset=\"https:\/\/inovagri.org.br\/en\/wp-content\/uploads\/2020\/09\/WhatsApp-Image-2020-09-28-at-17.20.22.jpeg 1002w, https:\/\/inovagri.org.br\/en\/wp-content\/uploads\/2020\/09\/WhatsApp-Image-2020-09-28-at-17.20.22-300x177.jpeg 300w, https:\/\/inovagri.org.br\/en\/wp-content\/uploads\/2020\/09\/WhatsApp-Image-2020-09-28-at-17.20.22-768x452.jpeg 768w, https:\/\/inovagri.org.br\/en\/wp-content\/uploads\/2020\/09\/WhatsApp-Image-2020-09-28-at-17.20.22-705x415.jpeg 705w\" sizes=\"(max-width: 1002px) 100vw, 1002px\" \/><\/a><a href=\"https:\/\/www.ifsertao-pe.edu.br\/index.php\" target=\"_blank\" rel=\"noreferrer noopener\"><img class=\"wp-image-2939\" style=\"width: 180px;\" src=\"https:\/\/inovagri.org.br\/wp-content\/uploads\/2021\/04\/Logo-IF-Pernambuco-site.png\" alt=\"\"><\/a><a href=\"http:\/\/www.ppgaig.iciag.ufu.br\/\" target=\"_blank\" rel=\"noreferrer noopener\"><img class=\"wp-image-2693\" style=\"width: 150px;\" src=\"https:\/\/inovagri.org.br\/wp-content\/uploads\/2021\/03\/Logo-UFU-para-site.png\" alt=\"\"><\/a><a href=\"https:\/\/ufal.br\/\" target=\"_blank\" rel=\"noreferrer noopener\"><img class=\"wp-image-2763\" style=\"width: 150px;\" src=\"https:\/\/inovagri.org.br\/wp-content\/uploads\/2021\/03\/Logo-UFAL-para-site.png\" alt=\"\"><\/a><a href=\"https:\/\/www.ufms.br\/\" target=\"_blank\" rel=\"noreferrer noopener\"><img class=\"wp-image-3010\" style=\"width: 150px;\" src=\"https:\/\/inovagri.org.br\/wp-content\/uploads\/2021\/04\/20210420_100250_0000.png\" alt=\"\"><\/a><\/p>\n\n\n\n<p class=\"has-text-align-center\"><a href=\"https:\/\/cbpce.org.br\/\" target=\"_blank\" rel=\"noreferrer noopener\"><img class=\"wp-image-2792\" style=\"width: 200px;\" src=\"https:\/\/inovagri.org.br\/wp-content\/uploads\/2021\/03\/1_20210323_154503_0000.png\" alt=\"\"><\/a><a href=\"https:\/\/www.fcpcb.com.br\/\" target=\"_blank\" rel=\"noreferrer noopener\"><img class=\"wp-image-2793\" style=\"width: 180px;\" src=\"https:\/\/inovagri.org.br\/wp-content\/uploads\/2021\/03\/2_20210323_154503_0001.png\" alt=\"\"><\/a><a href=\"https:\/\/ccbe.es\/\" target=\"_blank\" rel=\"noreferrer noopener\"><img class=\"wp-image-3012\" style=\"width: 150px;\" src=\"https:\/\/inovagri.org.br\/wp-content\/uploads\/2021\/04\/20210420_101135_0000.png\" alt=\"\"><\/a>  <a href=\"http:\/\/www.irrigazine.com.br\" target=\"_blank\" rel=\"noreferrer noopener\"><img class=\"wp-image-2837\" style=\"width: 200px;\" src=\"https:\/\/inovagri.org.br\/wp-content\/uploads\/2021\/03\/logo-irrigazine-p-site.png\" alt=\"\"><\/a>  <a href=\"http:\/\/www.fiib.com.br\" target=\"_blank\" rel=\"noreferrer noopener\"><img class=\"wp-image-2836\" style=\"width: 200px;\" src=\"https:\/\/inovagri.org.br\/wp-content\/uploads\/2021\/03\/FIIB.png\" alt=\"\"><\/a><\/p>\n\n\n\n<h3 class=\"has-text-align-center\">PATROCINADORES<\/h3>\n\n\n\n<p class=\"has-text-align-center\"><a href=\"https:\/\/www.bermad.com\/br\/\" target=\"_blank\" rel=\"noreferrer noopener\"><img class=\"wp-image-2798\" style=\"width: 150px;\" src=\"https:\/\/inovagri.org.br\/wp-content\/uploads\/2021\/03\/0001-18834338799_20210325_093308_0000.png\" alt=\"\"><\/a><a href=\"https:\/\/irrigaplan.com.br\/\" target=\"_blank\" rel=\"noreferrer noopener\"><img class=\"wp-image-2925\" style=\"width: 150px;\" src=\"https:\/\/inovagri.org.br\/wp-content\/uploads\/2021\/04\/logo-irrigaplan-para-site.png\" alt=\"\"><\/a><a href=\"http:\/\/www.irriplus.com.br\/\" target=\"_blank\" rel=\"noreferrer noopener\"><img class=\"wp-image-2873\" style=\"width: 150px;\" src=\"https:\/\/inovagri.org.br\/wp-content\/uploads\/2021\/04\/logo-Irriplus-p-site.png\" alt=\"\"><\/a><a href=\"https:\/\/www.3v3.com.br\/\" target=\"_blank\" rel=\"noreferrer noopener\"><img class=\"wp-image-1895\" style=\"width: 150px;\" src=\"https:\/\/inovagri.org.br\/wp-content\/uploads\/2020\/10\/20201026_091953_0000.png\" alt=\"\"><\/a><a href=\"http:\/\/www.valleyirrigation.com.br\/\" target=\"_blank\" rel=\"noreferrer noopener\"><img class=\"wp-image-2145\" style=\"width: 150px;\" src=\"https:\/\/inovagri.org.br\/wp-content\/uploads\/2020\/11\/20201127_105459_0000.png\" alt=\"\"><\/a><a href=\"http:\/\/www.irriger.com.br\/pt-BR\" target=\"_blank\" rel=\"noreferrer noopener\"><img class=\"wp-image-2146\" style=\"width: 150px;\" src=\"https:\/\/inovagri.org.br\/wp-content\/uploads\/2020\/11\/20201127_105528_0000.png\" alt=\"\"><\/a><\/p>\n\n\n\n<p class=\"has-text-align-center\"><a href=\"https:\/\/portal.cogerh.com.br\/\" target=\"_blank\" rel=\"noreferrer noopener\"><img class=\"wp-image-3176\" style=\"width: 190px;\" src=\"https:\/\/inovagri.org.br\/wp-content\/uploads\/2021\/05\/1_20210503_093010_0000.png\" alt=\"\"><\/a><a href=\"https:\/\/www.srh.ce.gov.br\/\" target=\"_blank\" rel=\"noreferrer noopener\"><img class=\"wp-image-3183\" style=\"width: 190px;\" src=\"https:\/\/inovagri.org.br\/wp-content\/uploads\/2021\/05\/20210503_112311_0000.png\" alt=\"\"><\/a>   <a href=\"https:\/\/www.bnb.gov.br\/\" target=\"_blank\" rel=\"noreferrer noopener\"><img class=\"wp-image-2278\" style=\"width: 190px;\" src=\"https:\/\/inovagri.org.br\/wp-content\/uploads\/2020\/12\/BNB.png\" alt=\"\"><\/a><a href=\"https:\/\/www.gov.br\/pt-br\" target=\"_blank\" rel=\"noreferrer noopener\"><img class=\"wp-image-2280\" style=\"width: 190px;\" src=\"https:\/\/inovagri.org.br\/wp-content\/uploads\/2020\/12\/GOV.png\" alt=\"\"><\/a><\/p>\n\n\n\n<p><\/p>\n\n\n\n<p class=\"has-text-align-center\"><\/p>\n","protected":false},"excerpt":{"rendered":"<p>INFORMACIONES GENERALES HASTA EL 31 DE MARZO ASOCIADO AERYD\/ABID\/FENAREG CATEGOR\u00cdA R$ U$ R$ U$ Estudiante graduado 50 R$ 10 U$ 35 7 Estudiante de posgrado 70 R$ 14 U$ 50 10 Profesional 120 R$ 24 U$ 85 18 VALORES ACTUAL ASOCIADOAERYD\/ABID\/FENAREG CATEGOR\u00cdA R$ U$ R$ U$ Estudiante graduado 70 R$ 14 U$ 35 7 Estudiante [&hellip;]<\/p>\n","protected":false},"author":3,"featured_media":0,"parent":0,"menu_order":0,"comment_status":"closed","ping_status":"closed","template":"","meta":[],"yoast_head":"<!-- This site is optimized with the Yoast SEO plugin v15.0 - https:\/\/yoast.com\/wordpress\/plugins\/seo\/ -->\n<title>Ibero-Brasileiro-inscri\u00e7\u00f5es - Inovagri<\/title>\n<meta name=\"robots\" content=\"index, follow, max-snippet:-1, max-image-preview:large, max-video-preview:-1\" \/>\n<link rel=\"canonical\" href=\"https:\/\/inovagri.org.br\/en\/ibero-brasileiro-inscricoes\/\" \/>\n<meta property=\"og:locale\" content=\"pt_BR\" \/>\n<meta property=\"og:type\" content=\"article\" \/>\n<meta property=\"og:title\" content=\"Ibero-Brasileiro-inscri\u00e7\u00f5es - Inovagri\" \/>\n<meta property=\"og:description\" content=\"INFORMACIONES GENERALES HASTA EL 31 DE MARZO ASOCIADO AERYD\/ABID\/FENAREG CATEGOR\u00cdA R$ U$ R$ U$ Estudiante graduado 50 R$ 10 U$ 35 7 Estudiante de posgrado 70 R$ 14 U$ 50 10 Profesional 120 R$ 24 U$ 85 18 VALORES ACTUAL ASOCIADOAERYD\/ABID\/FENAREG CATEGOR\u00cdA R$ U$ R$ U$ Estudiante graduado 70 R$ 14 U$ 35 7 Estudiante [&hellip;]\" \/>\n<meta property=\"og:url\" content=\"https:\/\/inovagri.org.br\/en\/ibero-brasileiro-inscricoes\/\" \/>\n<meta property=\"og:site_name\" content=\"Inovagri\" \/>\n<meta property=\"article:modified_time\" content=\"2021-05-07T23:24:42+00:00\" \/>\n<meta property=\"og:image\" content=\"https:\/\/inovagri.org.br\/en\/wp-content\/uploads\/2021\/02\/logo-transparente-SIBAI-1030x270.png\" \/>\n<meta name=\"twitter:card\" content=\"summary_large_image\" \/>\n<script type=\"application\/ld+json\" class=\"yoast-schema-graph\">{\"@context\":\"https:\/\/schema.org\",\"@graph\":[{\"@type\":\"WebSite\",\"@id\":\"https:\/\/inovagri.org.br\/en\/#website\",\"url\":\"https:\/\/inovagri.org.br\/en\/\",\"name\":\"Inovagri\",\"description\":\"Irriga\\u00e7\\u00e3o e Agricultura.\",\"potentialAction\":[{\"@type\":\"SearchAction\",\"target\":\"https:\/\/inovagri.org.br\/en\/?s={search_term_string}\",\"query-input\":\"required name=search_term_string\"}],\"inLanguage\":\"pt-BR\"},{\"@type\":\"ImageObject\",\"@id\":\"https:\/\/inovagri.org.br\/en\/ibero-brasileiro-inscricoes\/#primaryimage\",\"inLanguage\":\"pt-BR\",\"url\":\"https:\/\/inovagri.org.br\/en\/wp-content\/uploads\/2021\/02\/logo-transparente-SIBAI.png\",\"width\":1844,\"height\":484},{\"@type\":\"WebPage\",\"@id\":\"https:\/\/inovagri.org.br\/en\/ibero-brasileiro-inscricoes\/#webpage\",\"url\":\"https:\/\/inovagri.org.br\/en\/ibero-brasileiro-inscricoes\/\",\"name\":\"Ibero-Brasileiro-inscri\\u00e7\\u00f5es - Inovagri\",\"isPartOf\":{\"@id\":\"https:\/\/inovagri.org.br\/en\/#website\"},\"primaryImageOfPage\":{\"@id\":\"https:\/\/inovagri.org.br\/en\/ibero-brasileiro-inscricoes\/#primaryimage\"},\"datePublished\":\"2021-02-25T18:29:36+00:00\",\"dateModified\":\"2021-05-07T23:24:42+00:00\",\"inLanguage\":\"pt-BR\",\"potentialAction\":[{\"@type\":\"ReadAction\",\"target\":[\"https:\/\/inovagri.org.br\/en\/ibero-brasileiro-inscricoes\/\"]}]}]}<\/script>\n<!-- \/ Yoast SEO plugin. -->","_links":{"self":[{"href":"https:\/\/inovagri.org.br\/en\/wp-json\/wp\/v2\/pages\/2309"}],"collection":[{"href":"https:\/\/inovagri.org.br\/en\/wp-json\/wp\/v2\/pages"}],"about":[{"href":"https:\/\/inovagri.org.br\/en\/wp-json\/wp\/v2\/types\/page"}],"author":[{"embeddable":true,"href":"https:\/\/inovagri.org.br\/en\/wp-json\/wp\/v2\/users\/3"}],"replies":[{"embeddable":true,"href":"https:\/\/inovagri.org.br\/en\/wp-json\/wp\/v2\/comments?post=2309"}],"version-history":[{"count":30,"href":"https:\/\/inovagri.org.br\/en\/wp-json\/wp\/v2\/pages\/2309\/revisions"}],"predecessor-version":[{"id":2570,"href":"https:\/\/inovagri.org.br\/en\/wp-json\/wp\/v2\/pages\/2309\/revisions\/2570"}],"wp:attachment":[{"href":"https:\/\/inovagri.org.br\/en\/wp-json\/wp\/v2\/media?parent=2309"}],"curies":[{"name":"wp","href":"https:\/\/api.w.org\/{rel}","templated":true}]}}