{"id":2583,"date":"2021-07-08T14:21:35","date_gmt":"2021-07-08T17:21:35","guid":{"rendered":"https:\/\/inovagri.org.br\/en\/?page_id=2583"},"modified":"2021-09-23T22:18:16","modified_gmt":"2021-09-24T01:18:16","slug":"forum-meeting-2021","status":"publish","type":"page","link":"https:\/\/inovagri.org.br\/en\/forum-meeting-2021\/","title":{"rendered":"F\u00f3rum-Meeting 2021"},"content":{"rendered":"\n<figure class=\"wp-block-image size-full\"><img loading=\"lazy\" width=\"1500\" height=\"287\" src=\"https:\/\/inovagri.org.br\/en\/wp-content\/uploads\/2021\/07\/20210708_140036_0000.png\" alt=\"\" class=\"wp-image-2584\" srcset=\"https:\/\/inovagri.org.br\/en\/wp-content\/uploads\/2021\/07\/20210708_140036_0000.png 1500w, https:\/\/inovagri.org.br\/en\/wp-content\/uploads\/2021\/07\/20210708_140036_0000-300x57.png 300w, https:\/\/inovagri.org.br\/en\/wp-content\/uploads\/2021\/07\/20210708_140036_0000-1030x197.png 1030w, https:\/\/inovagri.org.br\/en\/wp-content\/uploads\/2021\/07\/20210708_140036_0000-768x147.png 768w, https:\/\/inovagri.org.br\/en\/wp-content\/uploads\/2021\/07\/20210708_140036_0000-705x135.png 705w\" sizes=\"(max-width: 1500px) 100vw, 1500px\" \/><\/figure>\n\n\n\n<h4 class=\"has-text-align-center\">Register via Paypal or Bank Deposit<\/h4>\n\n\n\n<div class=\"wp-block-buttons aligncenter\">\n<div class=\"wp-block-button\"><a class=\"wp-block-button__link has-text-color has-background\" href=\"https:\/\/icolibri.com.br\/meeting2021\/public\/register\" style=\"background-color:#1f7dc0;color:#fdfdfd\"><strong><span style=\"color:#f3f3f3\" class=\"has-inline-color\">SIGN UP<\/span><\/strong><\/a><\/div>\n<\/div>\n\n\n\n<h3><span style=\"color:#2484c2\" class=\"has-inline-color\">WATER AND ENERGY IN AGRIBUSINESS FORUM &#8211; September 9th and 10th<\/span><\/h3>\n\n\n\n<p><strong>CENTRAL THEME<\/strong><\/p>\n\n\n\n<p><span style=\"color:#0e0f0f\" class=\"has-inline-color\">&#8220;<em>Competitive Differentials of Brazilian Agribusiness: Water, Energy, Land and People<\/em>&#8220;<\/span><br><\/p>\n\n\n\n<p><strong>FORMAT<\/strong><\/p>\n\n\n\n<p><span style=\"color:#0d0e0e\" class=\"has-inline-color\">\u2022 100% online event<br>\u2022 Exclusive platform<br>\u2022 06 Round Tables (3 speakers and 1 moderator)<br>\u2022 Time per Table: 2 hours<br>\u2022 No papers or oral presentations<\/span><\/p>\n\n\n\n<p><\/p>\n\n\n\n<p><strong>SCHEDULE<\/strong><\/p>\n\n\n\n<figure class=\"wp-block-table aligncenter\"><table><tbody><tr><td><strong>SEPTEMBER 9 \u2013 THURSDAY<\/strong><\/td><td><\/td><td><strong>SEPTEMBER 10 &#8211; FRIDAY<\/strong><\/td><td><\/td><\/tr><tr><td>09 &#8211; 10 (BRT\/GMT-3)<\/td><td>Opening Solemnity (open YouTube)<\/td><td><\/td><td><\/td><\/tr><tr><td>10 &#8211; 12 (BRT\/GMT-3)<\/td><td>Table 1<\/td><td>10 &#8211; 12 (BRT\/GMT-3)<\/td><td>Table 5<\/td><\/tr><tr><td>13 &#8211; 15 (BRT\/GMT-3)<\/td><td>Table 2<\/td><td>13 &#8211; 15 (BRT\/GMT-3)<\/td><td>Table 6<\/td><\/tr><tr><td>15 &#8211; 17 (BRT\/GMT-3)<\/td><td>Table 3<\/td><td>15 &#8211; 17 (BRT\/GMT-3)<\/td><td>Individual Lecture 1<br>Individual Lecture 2<\/td><\/tr><tr><td><\/td><td><\/td><td>17 \u2013 18 (BRT\/GMT-3)<\/td><td>Closing<\/td><\/tr><tr><td>19 &#8211; 21 (BRT\/GMT-3)<\/td><td>Table 4 (open YouTube)<\/td><td><\/td><td><\/td><\/tr><\/tbody><\/table><\/figure>\n\n\n\n<figure class=\"wp-block-table aligncenter\"><table><tbody><tr><td><strong>TABLE<\/strong><\/td><td class=\"has-text-align-center\" data-align=\"center\"><strong>THEME<\/strong><\/td><td><strong>SPEAKERS<\/strong><\/td><\/tr><tr><td>1<\/td><td class=\"has-text-align-center\" data-align=\"center\"><span style=\"color:#0f1010\" class=\"has-inline-color\">Water Management in Agriculture and the Water Crisis<\/span><\/td><td><span style=\"color:#0d0e0e\" class=\"has-inline-color\">&#8211; S\u00e9rgio Ayrimoraes &#8211; ANA<br>&#8211; Jordana Girardello &#8211; CNA<\/span><br>&#8211; Luciana Marini K\u00f6pp &#8211; UFPEL<span style=\"color:#0d0e0e\" class=\"has-inline-color\"><br>&#8211; MODERATOR: Lineu Neiva Rodrigues<\/span> &#8211; Embrapa Cerrados<\/td><\/tr><tr><td>2<\/td><td class=\"has-text-align-center\" data-align=\"center\"><span style=\"color:#101111\" class=\"has-inline-color\">The agricultural labor market from the perspective of employers: employment vs. employability<\/span><\/td><td><span style=\"color:#121212\" class=\"has-inline-color\">&#8211; Ricardo Almeida &#8211; Netafim<br>&#8211; Saulo Gare Ginak &#8211; AGCO Corporation<br>&#8211; MODERATOR:<\/span><span style=\"color:#0c0b0b\" class=\"has-inline-color\"> Fernando Tangerino &#8211; UNESP<\/span><\/td><\/tr><tr><td>3<\/td><td class=\"has-text-align-center\" data-align=\"center\"><span style=\"color:#121313\" class=\"has-inline-color\">Expansion of Irrigated Agriculture in the Cerrado Region of Brazil<\/span><\/td><td><span style=\"color:#0e0e0e\" class=\"has-inline-color\">&#8211; Alessandra Chaves &#8211; AIBA<br>&#8211; Gabrielle Ferreira Pires &#8211; UFV<br>&#8211; Marco Jos\u00e9 Melo Neves &#8211; SEMAD-GO<br>&#8211; MODERADOR: Everardo Chartuni Mantovani \u2013 ABID e UFV<\/span><\/td><\/tr><tr><td>4<\/td><td class=\"has-text-align-center\" data-align=\"center\"><span style=\"color:#151616\" class=\"has-inline-color\">Irrigation costs and use of alternative energy<\/span><\/td><td><span style=\"color:#0b0b0b\" class=\"has-inline-color\">&#8211; Daniel Luiz Sebben &#8211; MTEC Energia<br>&#8211; Victor V. Nunes &#8211; Monitorar Gest\u00e3o de Energia<br>&#8211; Marcello Henryque &#8211; Distrito de Irriga\u00e7\u00e3o Nilo Coelho<br>&#8211; MODERATOR: Alexandro Almeida &#8211; UFAL<\/span><\/td><\/tr><tr><td>5<\/td><td class=\"has-text-align-center\" data-align=\"center\"><span style=\"color:#111111\" class=\"has-inline-color\">Water footprint and water quality in Agriculture, Livestock and Aquaculture<\/span><\/td><td><span style=\"color:#0c0c0c\" class=\"has-inline-color\">&#8211; Maria Cl\u00e9a Brito de Figueir\u00eado &#8211; Embrapa Agroind\u00fastria Tropical<br>&#8211; Julio Cesar Pascale Palhares &#8211; Embrapa Pecu\u00e1ria Sudeste<br>&#8211; Licia Maria Lundstedt &#8211; Embrapa Pesca e Aquicultura<br>&#8211; MODERATOR: Vivivane da Silva Barros &#8211; UECE<\/span><\/td><\/tr><tr><td>6<\/td><td class=\"has-text-align-center\" data-align=\"center\"><span style=\"color:#0f0f10\" class=\"has-inline-color\">Soil management for water conservation in agriculture<\/span><\/td><td><span style=\"color:#0d0e0e\" class=\"has-inline-color\">\u2013 Jairo Antonio Mazza \u2013 USP\/FAPESP<br>\u2013 Tonny Jos\u00e9 Ara\u00fajo da Silva \u2013 UFMT<br>\u2013 Marcos Mendon\u00e7a \u2013 Usina Central Olho D\u2019\u00c1gua&nbsp;<br>\u2013 MODERATOR: Mirian Cristina Gomes Costa \u2013 UFC<\/span><\/td><\/tr><\/tbody><\/table><\/figure>\n\n\n\n<figure class=\"wp-block-image\"><img alt=\"\"\/><\/figure>\n\n\n\n<p class=\"has-text-align-center has-text-color\" style=\"color:#0b0c0c\"><strong>ORGANIZING COMMITTEE<\/strong><\/p>\n\n\n\n<p class=\"has-text-align-center has-text-color\" style=\"color:#0b0c0c\"><strong>F\u00d3RUM \u00c1GUA E ENERGIA NO AGRONEG\u00d3CIO<\/strong><\/p>\n\n\n\n<p class=\"has-text-align-center has-text-color\" style=\"color:#0b0c0c\">SEPTEMBER 09 AND 10, 2021<\/p>\n\n\n\n<p class=\"has-text-align-center has-text-color\" style=\"color:#0b0c0c\"><strong>INOVAGRI VIRTUAL MEETING 2021 e XXX CONIRD<\/strong><\/p>\n\n\n\n<p class=\"has-text-align-center has-text-color\" style=\"color:#0b0c0c\">DECEMBER 08 TO 10, 2021<\/p>\n\n\n\n<p class=\"has-text-align-center has-text-color\" style=\"color:#0b0c0c\">PRESIDENT<\/p>\n\n\n\n<p class=\"has-text-align-center has-text-color\" style=\"color:#0b0c0c\"><strong>Jos\u00e9 Ant\u00f4nio Frizzone<\/strong><\/p>\n\n\n\n<p class=\"has-text-align-center has-text-color\" style=\"color:#0b0c0c\">VICE PRESIDENT<\/p>\n\n\n\n<p class=\"has-text-align-center has-text-color\" style=\"color:#0b0c0c\"><strong>Everardo Chartuni Mantovani<\/strong><\/p>\n\n\n\n<p class=\"has-text-align-center has-text-color\" style=\"color:#0b0c0c\">SCIENTIFIC COMMISSION<\/p>\n\n\n\n<p class=\"has-text-align-center has-text-color\" style=\"color:#0b0c0c\"><strong>Alexsandro Claudio dos Santos Almeida<\/strong><\/p>\n\n\n\n<p class=\"has-text-align-center has-text-color\" style=\"color:#0b0c0c\"><strong>Claudivan Feitosa de Lacerda<\/strong><\/p>\n\n\n\n<p class=\"has-text-align-center has-text-color\" style=\"color:#0b0c0c\"><strong>Eus\u00edmio Felisbino Fraga Junior<\/strong><\/p>\n\n\n\n<p class=\"has-text-align-center has-text-color\" style=\"color:#0b0c0c\"><strong>Fernando Braz Tangerino Hernandez<\/strong><\/p>\n\n\n\n<p class=\"has-text-align-center has-text-color\" style=\"color:#0b0c0c\"><strong>Lineu Neiva Rodrigues<\/strong><\/p>\n\n\n\n<p class=\"has-text-align-center has-text-color\" style=\"color:#0b0c0c\"><strong>Lu\u00eds Fernando de Souza Magno Campeche<\/strong><\/p>\n\n\n\n<p class=\"has-text-align-center has-text-color\" style=\"color:#0b0c0c\"><strong>Ricardo Gava<\/strong><\/p>\n\n\n\n<p class=\"has-text-align-center has-text-color\" style=\"color:#0b0c0c\"><strong>Raimundo Nonato T\u00e1vora Costa<\/strong><\/p>\n\n\n\n<p class=\"has-text-align-center has-text-color\" style=\"color:#0b0c0c\"><strong>Rodrigo Ribeiro Franco Vieira<\/strong><\/p>\n\n\n\n<p class=\"has-text-align-center has-text-color\" style=\"color:#0b0c0c\">TECHNICAL COMMITTEE<\/p>\n\n\n\n<p class=\"has-text-align-center\"><strong>Jos\u00e9 Fl\u00e1vio Barreto de Melo<\/strong><\/p>\n\n\n\n<p class=\"has-text-align-center\"><strong>Silvando Eugenio de Sousa<\/strong><\/p>\n\n\n\n<p class=\"has-text-align-center has-text-color\" style=\"color:#0b0c0c\"><strong>Douglas Ribeiro Garcia<\/strong><\/p>\n\n\n\n<p class=\"has-text-align-center has-text-color\" style=\"color:#0b0c0c\"><strong>Joscelia da Silva Cruz<\/strong><\/p>\n\n\n\n<p class=\"has-text-align-center has-text-color\" style=\"color:#0b0c0c\"><strong>Rogis Rosemberg<\/strong><\/p>\n\n\n\n<p class=\"has-text-align-center has-text-color\" style=\"color:#1e1f20\"><strong>Joaquim Moreira Viana<\/strong><\/p>\n\n\n\n<p class=\"has-text-align-center has-text-color\" style=\"color:#1e1f20\"><strong>Itamar Bruno de Oliveira<\/strong><\/p>\n\n\n\n<figure class=\"wp-block-image\"><img alt=\"\"\/><\/figure>\n\n\n\n<p class=\"has-text-align-center\"><strong>REALIZATION<\/strong><\/p>\n\n\n\n<p class=\"has-text-align-center\"><a href=\"https:\/\/inovagri.org.br\/\" target=\"_blank\" rel=\"noreferrer noopener\"><img class=\"wp-image-3705\" style=\"width: 150px;\" src=\"https:\/\/inovagri.org.br\/wp-content\/uploads\/2021\/07\/0007-4333002270_20210714_215620_0000.png\" alt=\"\"><\/a><a href=\"https:\/\/aeac.agr.br\/\" rel=\"nofollow\"><img class=\"wp-image-3706\" style=\"width: 150px;\" src=\"https:\/\/inovagri.org.br\/wp-content\/uploads\/2021\/07\/8_20210714_220104_0000.png\" alt=\"\"><\/a><a href=\"http:\/\/www.abid.org.br\/\" target=\"_blank\" rel=\"noreferrer noopener\"><img class=\"wp-image-3707\" style=\"width: 150px;\" src=\"https:\/\/inovagri.org.br\/wp-content\/uploads\/2021\/07\/9_20210714_220104_0001.png\" alt=\"\"><\/a><a href=\"https:\/\/www.ufc.br\/\" target=\"_blank\" rel=\"noreferrer noopener\"><img class=\"wp-image-3708\" style=\"width: 150px;\" src=\"https:\/\/inovagri.org.br\/wp-content\/uploads\/2021\/07\/10_20210714_220104_0002.png\" alt=\"\"><\/a><\/p>\n\n\n\n<figure class=\"wp-block-image\"><img alt=\"\"\/><\/figure>\n\n\n\n<p class=\"has-text-align-center\"><strong>SUPPORT<\/strong><\/p>\n\n\n\n<p><\/p>\n\n\n\n<p class=\"has-text-align-center\"><a href=\"https:\/\/www.centec.org.br\/\" target=\"_blank\" rel=\"noreferrer noopener\"><img class=\"wp-image-3513\" style=\"width: 150px;\" src=\"https:\/\/inovagri.org.br\/wp-content\/uploads\/2021\/07\/6_20210701_093013_0005.png\" alt=\"\"><\/a><a href=\"https:\/\/www.sedet.ce.gov.br\/\" target=\"_blank\" rel=\"noreferrer noopener\"><img class=\"wp-image-3514\" style=\"width: 150px;\" src=\"https:\/\/inovagri.org.br\/wp-content\/uploads\/2021\/07\/5_20210701_093013_0004.png\" alt=\"\"><\/a><a href=\"https:\/\/www.funcap.ce.gov.br\/\" target=\"_blank\" rel=\"noreferrer noopener\"><img class=\"wp-image-3511\" style=\"width: 150px;\" src=\"https:\/\/inovagri.org.br\/wp-content\/uploads\/2021\/07\/3_20210701_091754_0002.png\" alt=\"\"><\/a><a href=\"http:\/\/www.irrigazine.com.br\/\" target=\"_blank\" rel=\"noreferrer noopener\"><img class=\"wp-image-3515\" style=\"width: 150px;\" src=\"https:\/\/inovagri.org.br\/wp-content\/uploads\/2021\/07\/4_20210701_093013_0003.png\" alt=\"\"><\/a><a href=\"https:\/\/ufal.br\/\" target=\"_blank\" rel=\"noreferrer noopener\"><img class=\"wp-image-2763\" style=\"width: 150px;\" src=\"https:\/\/inovagri.org.br\/wp-content\/uploads\/2021\/03\/Logo-UFAL-para-site.png\" alt=\"\"><\/a><a href=\"https:\/\/www.ufms.br\/\" target=\"_blank\" rel=\"noreferrer noopener\"><img class=\"wp-image-3010\" style=\"width: 150px;\" src=\"https:\/\/inovagri.org.br\/wp-content\/uploads\/2021\/04\/20210420_100250_0000.png\" alt=\"\"><\/a><a href=\"https:\/\/www.embrapa.br\/en\/pesca-e-aquicultura\" target=\"_blank\" rel=\"noreferrer noopener\"><img class=\"wp-image-3815\" style=\"width: 150px;\" src=\"https:\/\/inovagri.org.br\/wp-content\/uploads\/2021\/07\/0011-5043374140_20210729_150827_0000.png\" alt=\"\"><\/a><a href=\"https:\/\/www.ufc.br\/\" target=\"_blank\" rel=\"noreferrer noopener\"><\/a><\/p>\n\n\n\n<p class=\"has-text-align-center\"><a rel=\"noreferrer noopener\" href=\"https:\/\/www.ufc.br\/\" target=\"_blank\"><\/a><\/p>\n\n\n\n<p class=\"has-text-align-center\"><a href=\"https:\/\/www.sedet.ce.gov.br\/\" target=\"_blank\" rel=\"noreferrer noopener\"><\/a><\/p>\n\n\n\n<figure class=\"wp-block-image\"><img alt=\"\"\/><\/figure>\n\n\n\n<p class=\"has-text-align-center\"><strong>SPONSORSHIP<\/strong><\/p>\n\n\n\n<p class=\"has-text-align-center\"><a href=\"https:\/\/www.netafim.com.br\/\" target=\"_blank\" rel=\"noreferrer noopener\"><img class=\"wp-image-3482\" style=\"width: 180px;\" src=\"https:\/\/inovagri.org.br\/wp-content\/uploads\/2021\/06\/0001-3649958628_20210630_125216_0000.png\" alt=\"\"><\/a><\/p>\n","protected":false},"excerpt":{"rendered":"<p>Register via Paypal or Bank Deposit WATER AND ENERGY IN AGRIBUSINESS FORUM &#8211; September 9th and 10th CENTRAL THEME &#8220;Competitive Differentials of Brazilian Agribusiness: Water, Energy, Land and People&#8220; FORMAT \u2022 100% online event\u2022 Exclusive platform\u2022 06 Round Tables (3 speakers and 1 moderator)\u2022 Time per Table: 2 hours\u2022 No papers or oral presentations SCHEDULE [&hellip;]<\/p>\n","protected":false},"author":3,"featured_media":0,"parent":0,"menu_order":0,"comment_status":"closed","ping_status":"closed","template":"","meta":[],"yoast_head":"<!-- This site is optimized with the Yoast SEO plugin v15.0 - https:\/\/yoast.com\/wordpress\/plugins\/seo\/ -->\n<title>F\u00f3rum-Meeting 2021 - Inovagri<\/title>\n<meta name=\"robots\" content=\"index, follow, max-snippet:-1, max-image-preview:large, max-video-preview:-1\" \/>\n<link rel=\"canonical\" href=\"https:\/\/inovagri.org.br\/en\/forum-meeting-2021\/\" \/>\n<meta property=\"og:locale\" content=\"pt_BR\" \/>\n<meta property=\"og:type\" content=\"article\" \/>\n<meta property=\"og:title\" content=\"F\u00f3rum-Meeting 2021 - Inovagri\" \/>\n<meta property=\"og:description\" content=\"Register via Paypal or Bank Deposit WATER AND ENERGY IN AGRIBUSINESS FORUM &#8211; September 9th and 10th CENTRAL THEME &#8220;Competitive Differentials of Brazilian Agribusiness: Water, Energy, Land and People&#8220; FORMAT \u2022 100% online event\u2022 Exclusive platform\u2022 06 Round Tables (3 speakers and 1 moderator)\u2022 Time per Table: 2 hours\u2022 No papers or oral presentations SCHEDULE [&hellip;]\" \/>\n<meta property=\"og:url\" content=\"https:\/\/inovagri.org.br\/en\/forum-meeting-2021\/\" \/>\n<meta property=\"og:site_name\" content=\"Inovagri\" \/>\n<meta property=\"article:modified_time\" content=\"2021-09-24T01:18:16+00:00\" \/>\n<meta property=\"og:image\" content=\"https:\/\/inovagri.org.br\/en\/wp-content\/uploads\/2021\/07\/20210708_140036_0000.png\" \/>\n<meta name=\"twitter:card\" content=\"summary_large_image\" \/>\n<script type=\"application\/ld+json\" class=\"yoast-schema-graph\">{\"@context\":\"https:\/\/schema.org\",\"@graph\":[{\"@type\":\"WebSite\",\"@id\":\"https:\/\/inovagri.org.br\/en\/#website\",\"url\":\"https:\/\/inovagri.org.br\/en\/\",\"name\":\"Inovagri\",\"description\":\"Irriga\\u00e7\\u00e3o e Agricultura.\",\"potentialAction\":[{\"@type\":\"SearchAction\",\"target\":\"https:\/\/inovagri.org.br\/en\/?s={search_term_string}\",\"query-input\":\"required name=search_term_string\"}],\"inLanguage\":\"pt-BR\"},{\"@type\":\"ImageObject\",\"@id\":\"https:\/\/inovagri.org.br\/en\/forum-meeting-2021\/#primaryimage\",\"inLanguage\":\"pt-BR\",\"url\":\"https:\/\/inovagri.org.br\/en\/wp-content\/uploads\/2021\/07\/20210708_140036_0000.png\",\"width\":1500,\"height\":287},{\"@type\":\"WebPage\",\"@id\":\"https:\/\/inovagri.org.br\/en\/forum-meeting-2021\/#webpage\",\"url\":\"https:\/\/inovagri.org.br\/en\/forum-meeting-2021\/\",\"name\":\"F\\u00f3rum-Meeting 2021 - Inovagri\",\"isPartOf\":{\"@id\":\"https:\/\/inovagri.org.br\/en\/#website\"},\"primaryImageOfPage\":{\"@id\":\"https:\/\/inovagri.org.br\/en\/forum-meeting-2021\/#primaryimage\"},\"datePublished\":\"2021-07-08T17:21:35+00:00\",\"dateModified\":\"2021-09-24T01:18:16+00:00\",\"inLanguage\":\"pt-BR\",\"potentialAction\":[{\"@type\":\"ReadAction\",\"target\":[\"https:\/\/inovagri.org.br\/en\/forum-meeting-2021\/\"]}]}]}<\/script>\n<!-- \/ Yoast SEO plugin. -->","_links":{"self":[{"href":"https:\/\/inovagri.org.br\/en\/wp-json\/wp\/v2\/pages\/2583"}],"collection":[{"href":"https:\/\/inovagri.org.br\/en\/wp-json\/wp\/v2\/pages"}],"about":[{"href":"https:\/\/inovagri.org.br\/en\/wp-json\/wp\/v2\/types\/page"}],"author":[{"embeddable":true,"href":"https:\/\/inovagri.org.br\/en\/wp-json\/wp\/v2\/users\/3"}],"replies":[{"embeddable":true,"href":"https:\/\/inovagri.org.br\/en\/wp-json\/wp\/v2\/comments?post=2583"}],"version-history":[{"count":42,"href":"https:\/\/inovagri.org.br\/en\/wp-json\/wp\/v2\/pages\/2583\/revisions"}],"predecessor-version":[{"id":2698,"href":"https:\/\/inovagri.org.br\/en\/wp-json\/wp\/v2\/pages\/2583\/revisions\/2698"}],"wp:attachment":[{"href":"https:\/\/inovagri.org.br\/en\/wp-json\/wp\/v2\/media?parent=2583"}],"curies":[{"name":"wp","href":"https:\/\/api.w.org\/{rel}","templated":true}]}}