{"id":332,"date":"2019-08-28T16:58:56","date_gmt":"2019-08-28T19:58:56","guid":{"rendered":"https:\/\/inovagri.org.br\/?page_id=332"},"modified":"2020-10-13T16:27:20","modified_gmt":"2020-10-13T19:27:20","slug":"trabalhos-cientificos","status":"publish","type":"page","link":"https:\/\/inovagri.org.br\/en\/trabalhos-cientificos\/","title":{"rendered":"Trabalhos Cient\u00edficos"},"content":{"rendered":"<div  style='padding-bottom:0px; color:#000000;font-size:40px;' class='av-special-heading av-special-heading-h1 custom-color-heading blockquote modern-quote  avia-builder-el-0  el_before_av_hr  avia-builder-el-first  av-inherit-size '><h1 class='av-special-heading-tag '  itemprop=\"headline\"  >Envio de Trabalhos Cient\u00edficos<\/h1><div class='special-heading-border'><div class='special-heading-inner-border' style='border-color:#000000'><\/div><\/div><\/div>\n<div  style='height:15px' class='hr hr-invisible   avia-builder-el-1  el_after_av_heading  el_before_av_slideshow_full  avia-builder-el-last '><span class='hr-inner ' ><span class='hr-inner-style'><\/span><\/span><\/div>\n<\/div><\/div><\/div><!-- close content main div --><\/div><\/div><div id='full_slider_1'  class='avia-fullwidth-slider main_color avia-shadow   avia-builder-el-2  el_after_av_hr  el_before_av_section   slider-not-first container_wrap fullsize' style=' '  ><div   data-size='no scaling'  data-lightbox_size='large'  data-animation='slide'  data-conditional_play=''  data-ids='292'  data-video_counter='0'  data-autoplay='false'  data-bg_slider='false'  data-slide_height=''  data-handle='av_slideshow_full'  data-interval='5'  data-class=' '  data-el_id=''  data-css_id=''  data-scroll_down=''  data-control_layout='av-control-default'  data-custom_markup=''  data-perma_caption=''  data-autoplay_stopper=''  data-image_attachment=''  data-min_height='0px'  data-src=''  data-position='top left'  data-repeat='no-repeat'  data-attach='scroll'  data-stretch=''  class='avia-slideshow avia-slideshow-1  av-control-default av-default-height-applied avia-slideshow-no scaling av_slideshow_full   avia-slide-slider '  itemprop=\"image\" itemscope=\"itemscope\" itemtype=\"https:\/\/schema.org\/ImageObject\" ><ul class='avia-slideshow-inner ' style='padding-bottom: 19.1333333333%;' ><li  class=' av-single-slide slide-1 ' ><div data-rel='slideshow-1' class='avia-slide-wrap '   ><img src='https:\/\/inovagri.org.br\/en\/wp-content\/uploads\/2019\/08\/topo.jpg' width='1500' height='287' title='topo' alt=''  itemprop=\"thumbnailUrl\"   \/><\/div><\/li><\/ul><\/div><\/div>\n<div class='flex_column_table av-equal-height-column-flextable -flextable' ><div class=\"flex_column av_two_third  flex_column_table_cell av-equal-height-column av-align-middle first  \" style='background: #f4f4f4; padding:0px 0px 0px 10px ; background-color:#f4f4f4; border-radius:0px; '><section class=\"av_textblock_section \"  itemscope=\"itemscope\" itemtype=\"https:\/\/schema.org\/CreativeWork\" ><div class='avia_textblock  '   itemprop=\"text\" ><h3><b>Leia o regulamento com aten\u00e7\u00e3o<br \/>\nArquivos refer\u00eancia est\u00e3o no final da p\u00e1gina.<\/b><\/h3>\n<\/div><\/section><\/div><\/div><!--close column table wrapper. Autoclose: 1 -->\n<div class='flex_column_table av-equal-height-column-flextable -flextable' ><div class='av-flex-placeholder'><\/div><div class=\"flex_column av_one_third  flex_column_table_cell av-equal-height-column av-align-middle av-zero-column-padding   \" style='border-radius:0px; '><div  class='avia-button-wrap avia-button-center ' ><a href='http:\/\/icolibri.com.br\/2019\/public'  class='avia-button   avia-icon_select-yes-left-icon avia-color-blue avia-size-x-large avia-position-center '   ><span class='avia_button_icon avia_button_icon_left ' aria-hidden='true' data-av_icon='\ue82f' data-av_iconfont='entypo-fontello'><\/span><span class='avia_iconbox_title' >ENVIO DE TRABALHOS<\/span><\/a><\/div><\/div><\/div><!--close column table wrapper. Autoclose: 1 -->\n<div class=\"flex_column av_one_half  flex_column_div av-zero-column-padding first  \" style='border-radius:0px; '><section class=\"av_textblock_section \"  itemscope=\"itemscope\" itemtype=\"https:\/\/schema.org\/CreativeWork\" ><div class='avia_textblock  '   itemprop=\"text\" ><p style=\"text-align: left;\"><span style=\"color: #000000;\"><strong>INFORMA\u00c7\u00d5ES GERAIS<\/strong><\/span><\/p>\n<h3 style=\"text-align: center;\"><span style=\"color: #000000;\"><strong>ENVIO DE RESUMOS:<\/strong><\/span><\/h3>\n<p><span style=\"color: #000000;\">&#8211; Inicialmente ser\u00e3o recebidos trabalhos no formato de <strong>RESUMO EXPANDIDO<\/strong> <strong>(3 a 4 p\u00e1ginas)<\/strong>;<\/span><\/p>\n<p><span style=\"color: #000000;\">&#8211; Para o envio do resumo o autor dever\u00e1 fazer sua pr\u00e9-inscri\u00e7\u00e3o, adquirindo o login e a senha para acesso ao sistema online de envio;<\/span><\/p>\n<p><span style=\"color: #000000;\">&#8211; A submiss\u00e3o dos resumos dever\u00e1 ser online, ap\u00f3s efetuar login, clicando na aba\u00a0<strong>TRABALHO<\/strong>;<\/span><\/p>\n<p><span style=\"color: #000000;\">&#8211; A l\u00edngua oficial \u00e9 o Portugu\u00eas, no entanto incentivamos aos autores que submetam e apresentem trabalhos escritos em ingl\u00eas. Estes ter\u00e3o prefer\u00eancia nas publica\u00e7\u00f5es das Revistas especializadas, pois o Comit\u00ea Avaliador ser\u00e1 formado por boa parte dos palestrantes estrangeiros;<\/span><\/p>\n<p><span style=\"color: #000000;\">&#8211; Cada resumo poder\u00e1 conter no m\u00e1ximo 6 autores.\u00a0<strong>A ordem dos autores no artigo (VERS\u00c3O FINAL) dever\u00e1 ser a mesma ordem dos autores no resumo<\/strong>;<\/span><\/p>\n<p><span style=\"color: #000000;\">&#8211; Poder\u00e3o ser inscritos at\u00e9\u00a0<strong>TR\u00caS<\/strong>\u00a0resumos por primeiro autor, n\u00e3o havendo limite para participa\u00e7\u00e3o como coautor;<\/span><\/p>\n<p><span style=\"color: #000000;\">&#8211; O respons\u00e1vel pelo envio do resumo dever\u00e1 marcar o APRESENTADOR;<\/span><\/p>\n<p><span style=\"color: #000000;\">&#8211; Os resumos ser\u00e3o avaliados pela Comiss\u00e3o Cient\u00edfica do INOVAGRI International Meeting e ap\u00f3s avalia\u00e7\u00e3o pela Comiss\u00e3o, ser\u00e1 enviada para o e-mail cadastrado no ato da inscri\u00e7\u00e3o a Carta de Aceite referente ao resumo;<\/span><\/p>\n<p><span style=\"color: #000000;\">&#8211; Os resumos enviados a este evento n\u00e3o devem estar sendo submetidos a outro \u00f3rg\u00e3o para publica\u00e7\u00e3o e nem ter sido anteriormente publicados;<\/span><\/p>\n<p><span style=\"color: #000000;\">&#8211; A Carta de Aceite ser\u00e1 identificada pelo N\u00famero de Protocolo e informar\u00e1 se o resumo foi aprovado ou n\u00e3o para ser publicado nos anais do evento.<\/span><\/p>\n<h3 style=\"text-align: center;\"><span style=\"color: #000000;\"><strong>ENVIO DO TRABALHO COMPLETO:<\/strong><\/span><\/h3>\n<p><span style=\"color: #000000;\">&#8211; Ap\u00f3s o recebimento do <strong>ACEITE<\/strong> do resumo o Artigo completo <strong>(de 6 a 10 p\u00e1ginas) <\/strong>deve ser depositado no sistema atrav\u00e9s de upload.<\/span><\/p>\n<p><span style=\"color: #000000;\">&#8211; O autor dever\u00e1 baixar e seguir as <strong>NORMAS <\/strong>(dispon\u00edvel abaixo) para o envio do artigo completo;<\/span><\/p>\n<p><span style=\"color: #000000;\">&#8211; Deve ser acatada todas as <strong>corre\u00e7\u00f5es sugeridas<\/strong> pela Comiss\u00e3o Cient\u00edfica;<\/span><\/p>\n<p><span style=\"color: #000000;\">&#8211; A ordem dos autores no artigo completo deve permanecer a mesma do resumo enviado anteriormente, assim como no sistema;<\/span><\/p>\n<p><span style=\"color: #000000;\">&#8211; Os nomes dos autores dever\u00e3o ser escritos por extenso, ou seja, sem abreviaturas;<\/span><\/p>\n<p><span style=\"color: #000000;\">&#8211; O<strong> APRESENTADOR<\/strong> dever\u00e1 ser autor ou coautor do artigo e deve ser assinalado durante o envio do artigo completo.\u00a0<\/span><span style=\"color: #000000;\">Um apresentador s\u00f3 poder\u00e1 apresentar, no m\u00e1ximo, 3 artigos. \u00c9 permitida a altera\u00e7\u00e3o do apresentador e para isso, deve ser enviado um e-mail para trabalhos@inovagri.org.br<\/span><span style=\"color: #000000;\"> solicitando a troca, at\u00e9 a data m\u00e1xima para o pagamento do apresentador <\/span><strong style=\"color: #000000;\">(24\/09\/2019).\u00a0<\/strong><\/p>\n<p><span style=\"color: #000000;\">&#8211; Os melhores trabalhos ser\u00e3o publicados nas revistas IRRIGA e RBAI;<\/span><\/p>\n<p><span style=\"color: #000000;\">&#8211; Os artigos ser\u00e3o selecionados e apresentados na modalidade p\u00f4ster.<\/span><\/p>\n<\/div><\/section><\/div>\n<div class=\"flex_column av_one_half  flex_column_div av-zero-column-padding   \" style='border-radius:0px; '><section class=\"av_textblock_section \"  itemscope=\"itemscope\" itemtype=\"https:\/\/schema.org\/CreativeWork\" ><div class='avia_textblock  '   itemprop=\"text\" ><p><span style=\"color: #000000;\"><strong>DATAS IMPORTANTES<\/strong><\/span><\/p>\n<p><span style=\"color: #000000;\">&#8211; O artigo s\u00f3 ser\u00e1 inclu\u00eddo na programa\u00e7\u00e3o oficial e publicado nos anais do evento ap\u00f3s a confirma\u00e7\u00e3o do pagamento da inscri\u00e7\u00e3o do apresentador do mesmo. A data m\u00e1xima para o pagamento do apresentador do artigo \u00e9: <strong>24\/09\/2019.<\/strong><\/span><\/p>\n<table width=\"439\">\n<tbody>\n<tr>\n<td width=\"326\"><span style=\"color: #000000;\"><strong>Submiss\u00e3o de Resumos <\/strong><\/span><\/td>\n<td width=\"113\"><span style=\"color: #000000;\"><strong>At\u00e9 06\/09\/2019<\/strong><\/span><\/td>\n<\/tr>\n<tr>\n<td width=\"326\"><span style=\"color: #000000;\"><strong>Envio das Cartas de Aceite (Aprova\u00e7\u00e3o dos artigos)<\/strong><\/span><\/td>\n<td width=\"113\"><span style=\"color: #000000;\"><strong>At\u00e9 13\/09\/2019<\/strong><\/span><\/td>\n<\/tr>\n<tr>\n<td width=\"326\"><span style=\"color: #000000;\"><strong>Envio do Artigo Completo para confirma\u00e7\u00e3o nos anais do evento (mediante pagamento de\u00a0inscri\u00e7\u00e3o)<\/strong><\/span><\/td>\n<td width=\"113\"><span style=\"color: #000000;\"><strong>At\u00e9 24\/09\/2019<\/strong><\/span><\/td>\n<\/tr>\n<\/tbody>\n<\/table>\n<p><span style=\"color: #000000;\">&#8211; Caso a op\u00e7\u00e3o escolhida seja dep\u00f3sito identificado ou transfer\u00eancia, os dados banc\u00e1rios s\u00e3o:<\/span><\/p>\n<p><span style=\"color: #000000;\"><strong>Dados para Dep\u00f3sito:<br \/>\n<\/strong><strong>Banco do Brasil<br \/>\n<\/strong><strong>Ag\u00eancia:<\/strong>\u00a03515-7<\/span><br \/>\n<span style=\"color: #000000;\"> <strong>Conta Corrente<\/strong>: 7580-9<\/span><br \/>\n<span style=\"color: #000000;\"> Em nome do Instituto de Pesquisa e Inova\u00e7\u00e3o na Agricultura Irrigada \u2013 INOVAGRI;<\/span><\/p>\n<p><span style=\"color: #000000;\"><strong><br \/>\nOBS:<\/strong>\u00a0Para essa op\u00e7\u00e3o de pagamento (dep\u00f3sito ou\u00a0transfer\u00eancia) o comprovante deve ser anexado no sistema de inscri\u00e7\u00e3o na aba de pagamentos;<\/span><\/p>\n<p><span style=\"color: #000000;\"><strong>CANCELAMENTO<\/strong><\/span><\/p>\n<p><span style=\"color: #000000;\">&#8211; O inscrito deve enviar um e-mail para evento@inovagri.org.br com a solicita\u00e7\u00e3o de cancelamento.<\/span><\/p>\n<p><span style=\"color: #000000;\">&#8211; Em caso do n\u00e3o comparecimento ao evento, n\u00e3o ser\u00e1 efetuado reembolso.<\/span><\/p>\n<p><span style=\"color: #000000;\"><strong>Prazos<\/strong><\/span><\/p>\n<p><span style=\"color: #000000;\">&#8211; At\u00e9 45 dias antes do evento: devolu\u00e7\u00e3o de 90% do valor pago.<\/span><\/p>\n<p><span style=\"color: #000000;\">&#8211; At\u00e9 30 dias antes do evento: devolu\u00e7\u00e3o de 80% do valor pago.<\/span><\/p>\n<p><span style=\"color: #000000;\">-At\u00e9 15 dias antes do evento: devolu\u00e7\u00e3o de 50% do valor pago.<\/span><\/p>\n<p><span style=\"color: #000000;\"><em>&#8211;<\/em>\u00a0Inferior a 15 dias antes do evento: n\u00e3o haver\u00e1 devolu\u00e7\u00e3o de valores pagos.<\/span><\/p>\n<\/div><\/section><\/div>\n<div class=\"flex_column av_one_fifth  flex_column_div av-zero-column-padding first  \" style='border-radius:0px; '><div  class='avia-button-wrap avia-button-center ' ><a href='https:\/\/inovagri.org.br\/wp-content\/uploads\/2019\/08\/Poster2019.ppt'  class='avia-button   avia-icon_select-yes-left-icon avia-color-dark avia-size-x-large avia-position-center '   ><span class='avia_button_icon avia_button_icon_left ' aria-hidden='true' data-av_icon='\ue84d' data-av_iconfont='entypo-fontello'><\/span><span class='avia_iconbox_title' >Modelo de p\u00f4ster <\/span><\/a><\/div><\/div><div class=\"flex_column av_one_fifth  flex_column_div av-zero-column-padding   \" style='border-radius:0px; '><div  class='avia-button-wrap avia-button-center ' ><a href='https:\/\/inovagri.org.br\/wp-content\/uploads\/2019\/08\/NORMAS-PARA-RESUMO-EXPANDIDO.pdf'  class='avia-button   avia-icon_select-yes-left-icon avia-color-dark avia-size-x-large avia-position-center '   ><span class='avia_button_icon avia_button_icon_left ' aria-hidden='true' data-av_icon='\ue81a' data-av_iconfont='entypo-fontello'><\/span><span class='avia_iconbox_title' >NORMAS PARA<\/br>RESUMO EXPANDIDO<\/span><\/a><\/div><\/div><\/p>\n<div class=\"flex_column av_one_fifth  flex_column_div av-zero-column-padding   \" style='border-radius:0px; '><div  class='avia-button-wrap avia-button-center ' ><a href='https:\/\/inovagri.org.br\/wp-content\/uploads\/2019\/08\/Modelo_Resumo_Expandido.doc'  class='avia-button   avia-icon_select-yes-left-icon avia-color-dark avia-size-x-large avia-position-center '   ><span class='avia_button_icon avia_button_icon_left ' aria-hidden='true' data-av_icon='\ue849' data-av_iconfont='entypo-fontello'><\/span><span class='avia_iconbox_title' >MODELO PARA<\/br>RESUMO EXPANDIDO<\/span><\/a><\/div><\/div>\n<div class=\"flex_column av_one_fifth  flex_column_div av-zero-column-padding   \" style='border-radius:0px; '><div  class='avia-button-wrap avia-button-center ' ><a href='https:\/\/inovagri.org.br\/wp-content\/uploads\/2019\/08\/NORMAS-PARA-TRABALHO-COMPLETO.pdf'  class='avia-button   avia-icon_select-yes-left-icon avia-color-dark avia-size-x-large avia-position-center '   ><span class='avia_button_icon avia_button_icon_left ' aria-hidden='true' data-av_icon='\ue81a' data-av_iconfont='entypo-fontello'><\/span><span class='avia_iconbox_title' >NORMAS PARA O ENVIO<\/BR>DO ARTIGO COMPLETO<\/span><\/a><\/div><\/div>\n<div class=\"flex_column av_one_fifth  flex_column_div av-zero-column-padding   \" style='border-radius:0px; '><div  class='avia-button-wrap avia-button-center ' ><a href='https:\/\/inovagri.org.br\/wp-content\/uploads\/2019\/08\/Modelo_Trabalho_Completo.doc'  class='avia-button   avia-icon_select-yes-left-icon avia-color-dark avia-size-x-large avia-position-center '   ><span class='avia_button_icon avia_button_icon_left ' aria-hidden='true' data-av_icon='\ue849' data-av_iconfont='entypo-fontello'><\/span><span class='avia_iconbox_title' >MODELO PARA<\/br>TRABALHO COMPLETO<\/span><\/a><\/div><\/div>\n<div class=\"flex_column av_one_full  flex_column_div av-zero-column-padding first  \" style='border-radius:0px; '><div  class='avia-image-container  av-styling-    avia-align-center '  itemprop=\"image\" itemscope=\"itemscope\" itemtype=\"https:\/\/schema.org\/ImageObject\"  ><div class='avia-image-container-inner'><div class='avia-image-overlay-wrap'><img class='avia_image' src='https:\/\/inovagri.org.br\/en\/wp-content\/uploads\/2019\/09\/rodape_site_Prancheta-1.png' alt='' title='rodape_site_Prancheta 1' height=\"936\" width=\"2134\"  itemprop=\"thumbnailUrl\"  \/><\/div><\/div><\/div><\/div>\n","protected":false},"excerpt":{"rendered":"","protected":false},"author":2,"featured_media":0,"parent":0,"menu_order":0,"comment_status":"closed","ping_status":"closed","template":"","meta":[],"yoast_head":"<!-- This site is optimized with the Yoast SEO plugin v15.0 - https:\/\/yoast.com\/wordpress\/plugins\/seo\/ -->\n<title>Trabalhos Cient\u00edficos - Inovagri<\/title>\n<meta name=\"robots\" content=\"index, follow, max-snippet:-1, max-image-preview:large, max-video-preview:-1\" \/>\n<link rel=\"canonical\" href=\"https:\/\/inovagri.org.br\/en\/trabalhos-cientificos\/\" \/>\n<meta property=\"og:locale\" content=\"pt_BR\" \/>\n<meta property=\"og:type\" content=\"article\" \/>\n<meta property=\"og:title\" content=\"Trabalhos Cient\u00edficos - Inovagri\" \/>\n<meta property=\"og:url\" content=\"https:\/\/inovagri.org.br\/en\/trabalhos-cientificos\/\" \/>\n<meta property=\"og:site_name\" content=\"Inovagri\" \/>\n<meta property=\"article:modified_time\" content=\"2020-10-13T19:27:20+00:00\" \/>\n<meta name=\"twitter:card\" content=\"summary_large_image\" \/>\n<script type=\"application\/ld+json\" class=\"yoast-schema-graph\">{\"@context\":\"https:\/\/schema.org\",\"@graph\":[{\"@type\":\"WebSite\",\"@id\":\"https:\/\/inovagri.org.br\/en\/#website\",\"url\":\"https:\/\/inovagri.org.br\/en\/\",\"name\":\"Inovagri\",\"description\":\"Irriga\\u00e7\\u00e3o e Agricultura.\",\"potentialAction\":[{\"@type\":\"SearchAction\",\"target\":\"https:\/\/inovagri.org.br\/en\/?s={search_term_string}\",\"query-input\":\"required name=search_term_string\"}],\"inLanguage\":\"pt-BR\"},{\"@type\":\"WebPage\",\"@id\":\"https:\/\/inovagri.org.br\/en\/trabalhos-cientificos\/#webpage\",\"url\":\"https:\/\/inovagri.org.br\/en\/trabalhos-cientificos\/\",\"name\":\"Trabalhos Cient\\u00edficos - Inovagri\",\"isPartOf\":{\"@id\":\"https:\/\/inovagri.org.br\/en\/#website\"},\"datePublished\":\"2019-08-28T19:58:56+00:00\",\"dateModified\":\"2020-10-13T19:27:20+00:00\",\"inLanguage\":\"pt-BR\",\"potentialAction\":[{\"@type\":\"ReadAction\",\"target\":[\"https:\/\/inovagri.org.br\/en\/trabalhos-cientificos\/\"]}]}]}<\/script>\n<!-- \/ Yoast SEO plugin. -->","_links":{"self":[{"href":"https:\/\/inovagri.org.br\/en\/wp-json\/wp\/v2\/pages\/332"}],"collection":[{"href":"https:\/\/inovagri.org.br\/en\/wp-json\/wp\/v2\/pages"}],"about":[{"href":"https:\/\/inovagri.org.br\/en\/wp-json\/wp\/v2\/types\/page"}],"author":[{"embeddable":true,"href":"https:\/\/inovagri.org.br\/en\/wp-json\/wp\/v2\/users\/2"}],"replies":[{"embeddable":true,"href":"https:\/\/inovagri.org.br\/en\/wp-json\/wp\/v2\/comments?post=332"}],"version-history":[{"count":24,"href":"https:\/\/inovagri.org.br\/en\/wp-json\/wp\/v2\/pages\/332\/revisions"}],"predecessor-version":[{"id":646,"href":"https:\/\/inovagri.org.br\/en\/wp-json\/wp\/v2\/pages\/332\/revisions\/646"}],"wp:attachment":[{"href":"https:\/\/inovagri.org.br\/en\/wp-json\/wp\/v2\/media?parent=332"}],"curies":[{"name":"wp","href":"https:\/\/api.w.org\/{rel}","templated":true}]}}